{"id":12796,"date":"2025-02-13T10:51:12","date_gmt":"2025-02-13T09:51:12","guid":{"rendered":"https:\/\/nocturnes.brussels\/?page_id=12796"},"modified":"2026-03-13T10:50:09","modified_gmt":"2026-03-13T09:50:09","slug":"tickets","status":"publish","type":"page","link":"https:\/\/nocturnes.brussels\/nl\/tickets\/","title":{"rendered":"Tickets"},"content":{"rendered":"<p style=\"font-weight: 400;\" data-start=\"645\" data-end=\"710\">Voor dit Nocturnes-seizoen zijn <strong>drie soorten tickets<\/strong> beschikbaar.<\/p>\n<h2 data-start=\"712\" data-end=\"748\"><strong data-start=\"716\" data-end=\"748\">1. STANDAARD TICKET (ZONDER RESERVATIE)<\/strong><\/h2>\n<p style=\"font-weight: 400;\" data-start=\"749\" data-end=\"937\">Toegang voor \u00e9\u00e9n persoon tot \u00e9\u00e9n deelnemend museum voor een vrij bezoek.<br data-start=\"821\" data-end=\"824\" \/>Dit ticket geeft geen toegang tot musea die enkel met reservering toegankelijk zijn of tot speciale activiteiten (Specials).<\/p>\n<ul>\n<li data-start=\"941\" data-end=\"963\">Standaardtarief: \u20ac 8<\/li>\n<li data-start=\"966\" data-end=\"990\">Tarief 13\u201325 jaar: \u20ac 5<\/li>\n<li data-start=\"993\" data-end=\"1031\">Tarief European Disability Card: \u20ac 5<\/li>\n<\/ul>\n<h2 data-start=\"1038\" data-end=\"1071\"><strong data-start=\"1042\" data-end=\"1071\">2. TICKET MET RESERVATIE<\/strong><\/h2>\n<p style=\"font-weight: 400;\" data-start=\"1072\" data-end=\"1289\">Sommige musea en\/of activiteiten hebben een beperkte capaciteit. Hiervoor is reservatie verplicht.<br data-start=\"1171\" data-end=\"1174\" \/>Dit ticket is geldig voor \u00e9\u00e9n persoon voor een specifieke activiteit in een specifiek museum op een vast tijdstip.<\/p>\n<ul>\n<li data-start=\"1293\" data-end=\"1315\">Standaardtarief: \u20ac 8<\/li>\n<li data-start=\"1318\" data-end=\"1342\">Tarief 13\u201325 jaar: \u20ac 5<\/li>\n<li data-start=\"1345\" data-end=\"1383\">Tarief European Disability Card: \u20ac 5<\/li>\n<\/ul>\n<h2 data-start=\"1390\" data-end=\"1445\"><strong data-start=\"1394\" data-end=\"1445\">3. NIEUW IN 2026 \u2013 SPECIALS<\/strong><\/h2>\n<p style=\"font-weight: 400;\" data-start=\"1446\" data-end=\"1609\">Dit jaar bieden enkele musea een \u201cSpecial\u201d aan, exclusieve ervaringen aan (spel, dans, degustatie en \u2018extra late\u2019) tegen een kleine meerprijs. Ontdek deze musea en hun activiteiten op onze Programmapagina.<br data-start=\"1559\" data-end=\"1562\" \/><strong>Opgelet:<\/strong> het aantal plaatsen is strikt beperkt.<\/p>\n<p style=\"font-weight: 400;\" data-start=\"1611\" data-end=\"1724\">Dit ticket is geldig voor \u00e9\u00e9n persoon voor een speciale activiteit in een deelnemend museum op een vast tijdstip.<\/p>\n<p data-start=\"1611\" data-end=\"1724\">Een bezoek aan de collecties\/tentoonstellingen van het museum in kwestie is inbegrepen in je Specials Ticket.<\/p>\n<ul>\n<li data-start=\"1728\" data-end=\"1768\">Tarieven: zie ticketmodule hiernaast (<a href=\"https:\/\/shop.paylogic.com\/20a99fdd4cac49ccb08c94f46e7085d6\/tickets-nocturnes-2026\/specials\/kbr-museum\">Specials<\/a>)<\/li>\n<\/ul>\n<h1 data-start=\"1875\" data-end=\"1891\"><strong data-start=\"1878\" data-end=\"1891\">KORTINGEN<\/strong><\/h1>\n<h2 data-start=\"1893\" data-end=\"1917\"><strong data-start=\"1897\" data-end=\"1917\">Art Nouveau Pass<\/strong><\/h2>\n<p style=\"font-weight: 400;\" data-start=\"1918\" data-end=\"2114\">Gratis toegang voor houders van een geldige Art Nouveau Pass in de volgende musea: <em>Maison Autrique, Lab\u00b7An X Van Eetvelde, Maison Cauchie<\/em><\/p>\n<p style=\"font-weight: 400;\" data-start=\"1918\" data-end=\"2114\">Toon je pass in het museum op de avond van je bezoek.<\/p>\n<p style=\"font-weight: 400;\" data-start=\"2116\" data-end=\"2141\"><a href=\"https:\/\/shop.artnouveaupass.brussels\/nl\/art-nouveau\">Koop je Art Nouveau Pass hier<\/a><\/p>\n<h2 data-start=\"2148\" data-end=\"2172\"><strong data-start=\"2152\" data-end=\"2172\">museumPASSmus\u00e9es<\/strong><\/h2>\n<p style=\"font-weight: 400;\" data-start=\"2173\" data-end=\"2234\">Gratis toegang voor houders van een geldige MuseumPASSmus\u00e9es:<\/p>\n<ul>\n<li data-start=\"2238\" data-end=\"2334\">Voor vrije bezoeken in deelnemende partnermusea (toon je museumpas in het museum op de avond van je bezoek)<\/li>\n<li data-start=\"2337\" data-end=\"2454\">Voor de Special in KBR museum op 12.03.2026 (gratis online reservatie via onze website, beperkt aantal plaatsen)<\/li>\n<li data-start=\"2457\" data-end=\"2584\">Voor een bezoek in het Planetarium op 23.04.2026 (gratis online reservatie via onze website, beperkt aantal plaatsen)<\/li>\n<\/ul>\n<p>Benieuwd naar de musea die je gratis kan bezoeken met een museumpas? Ontdek op de museumpagina&#8217;s het logo &#8216;Gratis met de Museumpas&#8217;, of bekijk onze <a href=\"https:\/\/nocturnes.brussels\/nl\/info-pers\/\">Infopagina<\/a><\/p>\n<h2 data-start=\"2591\" data-end=\"2623\"><strong data-start=\"2595\" data-end=\"2623\">European Disability Card<\/strong><\/h2>\n<p style=\"font-weight: 400;\" data-start=\"2624\" data-end=\"2775\">Korting geldig bij online reservatie of aankoop van een ticket in het museum op de avond zelf, uitsluitend op vertoon van de European Disability Card.<\/p>\n<h2 data-start=\"2782\" data-end=\"2809\"><strong data-start=\"2786\" data-end=\"2809\">Artikel 27 en PasPartoe<\/strong><\/h2>\n<p style=\"font-weight: 400;\" data-start=\"2810\" data-end=\"3004\">Houders van een Artikel 27-ticket kunnen hun geldig ticket gebruiken + \u20ac 1,25 in deelnemende partnermusea (zie <a href=\"https:\/\/nocturnes.brussels\/nl\/info-pers\/\">Infopagina<\/a>). Houders van een PasPartoe kunnen hun geldige pas + \u20ac2 \u00a0gebruiken in deelnemende partnermusea (zie <a href=\"https:\/\/nocturnes.brussels\/nl\/info-pers\/\">Infopagina<\/a>).<\/p>\n<p style=\"font-weight: 400;\" data-start=\"2810\" data-end=\"3004\"><strong>Enkel geldig ter plaatse<\/strong>. Toon je Artikel 27-ticket of PasPartoe in het museum op de avond van je bezoek.<\/p>\n<h2 data-start=\"3011\" data-end=\"3031\"><strong data-start=\"3015\" data-end=\"3031\">Gratis musea<\/strong><\/h2>\n<p style=\"font-weight: 400;\" data-start=\"3032\" data-end=\"3328\">Sommige musea zijn gratis toegankelijk. Deze informatie staat vermeld op de <a href=\"https:\/\/nocturnes.brussels\/nl\/programma\/\">Programmapagina<\/a> en de <a href=\"https:\/\/nocturnes.brussels\/nl\/info-pers\/\">Infopagina<\/a>.<br data-start=\"3122\" data-end=\"3125\" \/>Indien reservatie vereist is, kan deze worden gemaakt via de methode vermeld op de betreffende pagina van het museum.<br data-start=\"3235\" data-end=\"3238\" \/>Raadpleeg de pagina van elk deelnemend museum en reserveer voor je favoriete activiteiten.<\/p>\n<h1 data-start=\"3335\" data-end=\"3354\"><strong data-start=\"3338\" data-end=\"3354\">TICKET KOPEN<\/strong><\/h1>\n<p style=\"font-weight: 400;\" data-start=\"3355\" data-end=\"3388\">Je kan je Nocturnes-ticket kopen:<\/p>\n<ul>\n<li data-start=\"3392\" data-end=\"3410\">via deze website<\/li>\n<li data-start=\"3413\" data-end=\"3548\">op de avond zelf in het museum dat u wilt bezoeken (met uitzondering van Tickets met reservatie en Specials)<\/li>\n<\/ul>\n","protected":false},"excerpt":{"rendered":"<p>Voor dit Nocturnes-seizoen zijn drie soorten tickets beschikbaar. 1. STANDAARD TICKET (ZONDER RESERVATIE) Toegang voor \u00e9\u00e9n persoon tot \u00e9\u00e9n deelnemend museum voor een vrij bezoek.Dit ticket geeft geen toegang tot musea die enkel met reservering toegankelijk zijn of tot speciale activiteiten (Specials). Standaardtarief: \u20ac 8 Tarief 13\u201325 jaar: \u20ac 5 Tarief European Disability Card: \u20ac (&#8230;)<\/p>\n","protected":false},"author":12,"featured_media":0,"parent":0,"menu_order":0,"comment_status":"closed","ping_status":"closed","template":"templates\/tickets.php","meta":{"_acf_changed":false,"footnotes":""},"class_list":["post-12796","page","type-page","status-publish","hentry"],"acf":[],"yoast_head":"<!-- This site is optimized with the Yoast SEO plugin v27.3 - https:\/\/yoast.com\/product\/yoast-seo-wordpress\/ -->\n<title>Tickets | Nocturnes<\/title>\n<meta name=\"robots\" content=\"index, follow, max-snippet:-1, max-image-preview:large, max-video-preview:-1\" \/>\n<link rel=\"canonical\" href=\"https:\/\/nocturnes.brussels\/nl\/tickets\/\" \/>\n<meta property=\"og:locale\" content=\"nl_NL\" \/>\n<meta property=\"og:type\" content=\"article\" \/>\n<meta property=\"og:title\" content=\"Tickets | Nocturnes\" \/>\n<meta property=\"og:description\" content=\"Voor dit Nocturnes-seizoen zijn drie soorten tickets beschikbaar. 1. STANDAARD TICKET (ZONDER RESERVATIE) Toegang voor \u00e9\u00e9n persoon tot \u00e9\u00e9n deelnemend museum voor een vrij bezoek.Dit ticket geeft geen toegang tot musea die enkel met reservering toegankelijk zijn of tot speciale activiteiten (Specials). Standaardtarief: \u20ac 8 Tarief 13\u201325 jaar: \u20ac 5 Tarief European Disability Card: \u20ac (...)\" \/>\n<meta property=\"og:url\" content=\"https:\/\/nocturnes.brussels\/nl\/tickets\/\" \/>\n<meta property=\"og:site_name\" content=\"Nocturnes\" \/>\n<meta property=\"article:modified_time\" content=\"2026-03-13T09:50:09+00:00\" \/>\n<meta name=\"twitter:card\" content=\"summary_large_image\" \/>\n<meta name=\"twitter:label1\" content=\"Geschatte leestijd\" \/>\n\t<meta name=\"twitter:data1\" content=\"3 minuten\" \/>\n<script type=\"application\/ld+json\" class=\"yoast-schema-graph\">{\"@context\":\"https:\\\/\\\/schema.org\",\"@graph\":[{\"@type\":\"WebPage\",\"@id\":\"https:\\\/\\\/nocturnes.brussels\\\/nl\\\/tickets\\\/\",\"url\":\"https:\\\/\\\/nocturnes.brussels\\\/nl\\\/tickets\\\/\",\"name\":\"Tickets | Nocturnes\",\"isPartOf\":{\"@id\":\"https:\\\/\\\/nocturnes.brussels\\\/nl\\\/#website\"},\"datePublished\":\"2025-02-13T09:51:12+00:00\",\"dateModified\":\"2026-03-13T09:50:09+00:00\",\"inLanguage\":\"nl-NL\",\"potentialAction\":[{\"@type\":\"ReadAction\",\"target\":[\"https:\\\/\\\/nocturnes.brussels\\\/nl\\\/tickets\\\/\"]}]},{\"@type\":\"WebSite\",\"@id\":\"https:\\\/\\\/nocturnes.brussels\\\/nl\\\/#website\",\"url\":\"https:\\\/\\\/nocturnes.brussels\\\/nl\\\/\",\"name\":\"Nocturnes\",\"description\":\"Je lenteavonden die iets memorabels worden? Check de Nocturnes!\",\"potentialAction\":[{\"@type\":\"SearchAction\",\"target\":{\"@type\":\"EntryPoint\",\"urlTemplate\":\"https:\\\/\\\/nocturnes.brussels\\\/nl\\\/?s={search_term_string}\"},\"query-input\":{\"@type\":\"PropertyValueSpecification\",\"valueRequired\":true,\"valueName\":\"search_term_string\"}}],\"inLanguage\":\"nl-NL\"}]}<\/script>\n<!-- \/ Yoast SEO plugin. -->","yoast_head_json":{"title":"Tickets | Nocturnes","robots":{"index":"index","follow":"follow","max-snippet":"max-snippet:-1","max-image-preview":"max-image-preview:large","max-video-preview":"max-video-preview:-1"},"canonical":"https:\/\/nocturnes.brussels\/nl\/tickets\/","og_locale":"nl_NL","og_type":"article","og_title":"Tickets | Nocturnes","og_description":"Voor dit Nocturnes-seizoen zijn drie soorten tickets beschikbaar. 1. STANDAARD TICKET (ZONDER RESERVATIE) Toegang voor \u00e9\u00e9n persoon tot \u00e9\u00e9n deelnemend museum voor een vrij bezoek.Dit ticket geeft geen toegang tot musea die enkel met reservering toegankelijk zijn of tot speciale activiteiten (Specials). Standaardtarief: \u20ac 8 Tarief 13\u201325 jaar: \u20ac 5 Tarief European Disability Card: \u20ac (...)","og_url":"https:\/\/nocturnes.brussels\/nl\/tickets\/","og_site_name":"Nocturnes","article_modified_time":"2026-03-13T09:50:09+00:00","twitter_card":"summary_large_image","twitter_misc":{"Geschatte leestijd":"3 minuten"},"schema":{"@context":"https:\/\/schema.org","@graph":[{"@type":"WebPage","@id":"https:\/\/nocturnes.brussels\/nl\/tickets\/","url":"https:\/\/nocturnes.brussels\/nl\/tickets\/","name":"Tickets | Nocturnes","isPartOf":{"@id":"https:\/\/nocturnes.brussels\/nl\/#website"},"datePublished":"2025-02-13T09:51:12+00:00","dateModified":"2026-03-13T09:50:09+00:00","inLanguage":"nl-NL","potentialAction":[{"@type":"ReadAction","target":["https:\/\/nocturnes.brussels\/nl\/tickets\/"]}]},{"@type":"WebSite","@id":"https:\/\/nocturnes.brussels\/nl\/#website","url":"https:\/\/nocturnes.brussels\/nl\/","name":"Nocturnes","description":"Je lenteavonden die iets memorabels worden? Check de Nocturnes!","potentialAction":[{"@type":"SearchAction","target":{"@type":"EntryPoint","urlTemplate":"https:\/\/nocturnes.brussels\/nl\/?s={search_term_string}"},"query-input":{"@type":"PropertyValueSpecification","valueRequired":true,"valueName":"search_term_string"}}],"inLanguage":"nl-NL"}]}},"_links":{"self":[{"href":"https:\/\/nocturnes.brussels\/nl\/wp-json\/wp\/v2\/pages\/12796","targetHints":{"allow":["GET"]}}],"collection":[{"href":"https:\/\/nocturnes.brussels\/nl\/wp-json\/wp\/v2\/pages"}],"about":[{"href":"https:\/\/nocturnes.brussels\/nl\/wp-json\/wp\/v2\/types\/page"}],"author":[{"embeddable":true,"href":"https:\/\/nocturnes.brussels\/nl\/wp-json\/wp\/v2\/users\/12"}],"replies":[{"embeddable":true,"href":"https:\/\/nocturnes.brussels\/nl\/wp-json\/wp\/v2\/comments?post=12796"}],"version-history":[{"count":22,"href":"https:\/\/nocturnes.brussels\/nl\/wp-json\/wp\/v2\/pages\/12796\/revisions"}],"predecessor-version":[{"id":15012,"href":"https:\/\/nocturnes.brussels\/nl\/wp-json\/wp\/v2\/pages\/12796\/revisions\/15012"}],"wp:attachment":[{"href":"https:\/\/nocturnes.brussels\/nl\/wp-json\/wp\/v2\/media?parent=12796"}],"curies":[{"name":"wp","href":"https:\/\/api.w.org\/{rel}","templated":true}]}}