{"id":170,"date":"2018-07-27T19:58:22","date_gmt":"2018-07-27T18:58:22","guid":{"rendered":"https:\/\/nocturnes.brussels\/de-17de-editie\/"},"modified":"2026-04-02T17:13:14","modified_gmt":"2026-04-02T15:13:14","slug":"de-17de-editie","status":"publish","type":"page","link":"https:\/\/nocturnes.brussels\/fr\/","title":{"rendered":"NOCTURNES: BRUSSELS MUSEUMS AFTER HOURS"},"content":{"rendered":"<h2><b><span data-contrast=\"auto\">Nocturnes 2026 \u00a0\u00a0<\/span><\/b><span data-ccp-props=\"{&quot;134233117&quot;:false,&quot;134233118&quot;:false,&quot;201341983&quot;:0,&quot;335551550&quot;:0,&quot;335551620&quot;:0,&quot;335559738&quot;:0,&quot;335559739&quot;:0,&quot;335559740&quot;:315}\"><br \/>\n<\/span><\/h2>\n<p>&nbsp;<\/p>\n<p><span data-contrast=\"auto\">Gardez vos jeudis soirs libres car les Nocturnes sont de retour ! Visitez des mus\u00e9es uniques exceptionnellement entre 18 et 22 heures. Les Nocturnes d\u00e9butent le jeudi 12 mars et durent sept semaines, jusqu&rsquo;au 23 avril. Et c<\/span><span data-ccp-props=\"{&quot;134233117&quot;:false,&quot;134233118&quot;:false,&quot;201341983&quot;:0,&quot;335551550&quot;:0,&quot;335551620&quot;:0,&quot;335559738&quot;:0,&quot;335559739&quot;:0,&quot;335559740&quot;:315}\">ette ann\u00e9e, plusieurs activit\u00e9s uniques et inoubliables vous attendent dans les mus\u00e9es bruxellois !<\/span><\/p>\n<p>Sur ce site, vous trouverez toutes les informations sur les mus\u00e9es participants, le programme, la vente des tickets et les r\u00e9servations, et bien d&rsquo;autres nouvelles !<span data-ccp-props=\"{&quot;134233117&quot;:false,&quot;134233118&quot;:false,&quot;201341983&quot;:0,&quot;335551550&quot;:0,&quot;335551620&quot;:0,&quot;335559738&quot;:0,&quot;335559739&quot;:0,&quot;335559740&quot;:315}\">\u00a0<\/span><\/p>\n","protected":false},"excerpt":{"rendered":"<p>Nocturnes 2026 \u00a0\u00a0 &nbsp; Gardez vos jeudis soirs libres car les Nocturnes sont de retour ! Visitez des mus\u00e9es uniques exceptionnellement entre 18 et 22 heures. Les Nocturnes d\u00e9butent le jeudi 12 mars et durent sept semaines, jusqu&rsquo;au 23 avril. Et cette ann\u00e9e, plusieurs activit\u00e9s uniques et inoubliables vous attendent dans les mus\u00e9es bruxellois ! (&#8230;)<\/p>\n","protected":false},"author":1,"featured_media":11395,"parent":0,"menu_order":0,"comment_status":"closed","ping_status":"closed","template":"templates\/home.php","meta":{"_acf_changed":false,"footnotes":""},"class_list":["post-170","page","type-page","status-publish","has-post-thumbnail","hentry"],"acf":[],"yoast_head":"<!-- This site is optimized with the Yoast SEO plugin v27.3 - https:\/\/yoast.com\/product\/yoast-seo-wordpress\/ -->\n<title>NOCTURNES: BRUSSELS MUSEUMS IN A NEW LIGHT<\/title>\n<meta name=\"description\" content=\"Du 13 avril au 18 mai, ouvrez un \u0153il diff\u00e9rent sur les mus\u00e9es et centres d\u2019art bruxellois !\u00a0\" \/>\n<meta name=\"robots\" content=\"index, follow, max-snippet:-1, max-image-preview:large, max-video-preview:-1\" \/>\n<link rel=\"canonical\" href=\"https:\/\/nocturnes.brussels\/fr\/\" \/>\n<meta property=\"og:locale\" content=\"fr_FR\" \/>\n<meta property=\"og:type\" content=\"article\" \/>\n<meta property=\"og:title\" content=\"Nocturnes 2022: mus\u00e9es bruxellois sous un nouveau jour\" \/>\n<meta property=\"og:description\" content=\"Tous les jeudis soir du 21 avril au 9 juin, les Nocturnes vous mettent des petites \u00e9toiles dans les yeux.\" \/>\n<meta property=\"og:url\" content=\"https:\/\/nocturnes.brussels\/fr\/\" \/>\n<meta property=\"og:site_name\" content=\"Nocturnes\" \/>\n<meta property=\"article:modified_time\" content=\"2026-04-02T15:13:14+00:00\" \/>\n<meta name=\"twitter:card\" content=\"summary_large_image\" \/>\n<meta name=\"twitter:title\" content=\"Nocturnes 2022 : mus\u00e9es bruxellois sous un nouveau jour\" \/>\n<meta name=\"twitter:description\" content=\"Tous les jeudis soir du 21 avril au 9 juin, les Nocturnes vous mettent des petites \u00e9toiles dans les yeux.\" \/>\n<meta name=\"twitter:label1\" content=\"Dur\u00e9e de lecture estim\u00e9e\" \/>\n\t<meta name=\"twitter:data1\" content=\"1 minute\" \/>\n<script type=\"application\/ld+json\" class=\"yoast-schema-graph\">{\"@context\":\"https:\\\/\\\/schema.org\",\"@graph\":[{\"@type\":\"WebPage\",\"@id\":\"https:\\\/\\\/nocturnes.brussels\\\/fr\\\/\",\"url\":\"https:\\\/\\\/nocturnes.brussels\\\/fr\\\/\",\"name\":\"NOCTURNES: BRUSSELS MUSEUMS IN A NEW LIGHT\",\"isPartOf\":{\"@id\":\"https:\\\/\\\/nocturnes.brussels\\\/fr\\\/#website\"},\"primaryImageOfPage\":{\"@id\":\"https:\\\/\\\/nocturnes.brussels\\\/fr\\\/#primaryimage\"},\"image\":{\"@id\":\"https:\\\/\\\/nocturnes.brussels\\\/fr\\\/#primaryimage\"},\"thumbnailUrl\":\"https:\\\/\\\/nocturnes.brussels\\\/wp-content\\\/uploads\\\/2024\\\/03\\\/oog_new.png\",\"datePublished\":\"2018-07-27T18:58:22+00:00\",\"dateModified\":\"2026-04-02T15:13:14+00:00\",\"description\":\"Du 13 avril au 18 mai, ouvrez un \u0153il diff\u00e9rent sur les mus\u00e9es et centres d\u2019art bruxellois !\u00a0\",\"inLanguage\":\"fr-FR\",\"potentialAction\":[{\"@type\":\"ReadAction\",\"target\":[\"https:\\\/\\\/nocturnes.brussels\\\/fr\\\/\"]}]},{\"@type\":\"ImageObject\",\"inLanguage\":\"fr-FR\",\"@id\":\"https:\\\/\\\/nocturnes.brussels\\\/fr\\\/#primaryimage\",\"url\":\"https:\\\/\\\/nocturnes.brussels\\\/wp-content\\\/uploads\\\/2024\\\/03\\\/oog_new.png\",\"contentUrl\":\"https:\\\/\\\/nocturnes.brussels\\\/wp-content\\\/uploads\\\/2024\\\/03\\\/oog_new.png\",\"width\":900,\"height\":467},{\"@type\":\"WebSite\",\"@id\":\"https:\\\/\\\/nocturnes.brussels\\\/fr\\\/#website\",\"url\":\"https:\\\/\\\/nocturnes.brussels\\\/fr\\\/\",\"name\":\"Nocturnes\",\"description\":\"Je lenteavonden die iets memorabels worden? Check de Nocturnes!\",\"potentialAction\":[{\"@type\":\"SearchAction\",\"target\":{\"@type\":\"EntryPoint\",\"urlTemplate\":\"https:\\\/\\\/nocturnes.brussels\\\/fr\\\/?s={search_term_string}\"},\"query-input\":{\"@type\":\"PropertyValueSpecification\",\"valueRequired\":true,\"valueName\":\"search_term_string\"}}],\"inLanguage\":\"fr-FR\"}]}<\/script>\n<!-- \/ Yoast SEO plugin. -->","yoast_head_json":{"title":"NOCTURNES: BRUSSELS MUSEUMS IN A NEW LIGHT","description":"Du 13 avril au 18 mai, ouvrez un \u0153il diff\u00e9rent sur les mus\u00e9es et centres d\u2019art bruxellois !\u00a0","robots":{"index":"index","follow":"follow","max-snippet":"max-snippet:-1","max-image-preview":"max-image-preview:large","max-video-preview":"max-video-preview:-1"},"canonical":"https:\/\/nocturnes.brussels\/fr\/","og_locale":"fr_FR","og_type":"article","og_title":"Nocturnes 2022: mus\u00e9es bruxellois sous un nouveau jour","og_description":"Tous les jeudis soir du 21 avril au 9 juin, les Nocturnes vous mettent des petites \u00e9toiles dans les yeux.","og_url":"https:\/\/nocturnes.brussels\/fr\/","og_site_name":"Nocturnes","article_modified_time":"2026-04-02T15:13:14+00:00","twitter_card":"summary_large_image","twitter_title":"Nocturnes 2022 : mus\u00e9es bruxellois sous un nouveau jour","twitter_description":"Tous les jeudis soir du 21 avril au 9 juin, les Nocturnes vous mettent des petites \u00e9toiles dans les yeux.","twitter_misc":{"Dur\u00e9e de lecture estim\u00e9e":"1 minute"},"schema":{"@context":"https:\/\/schema.org","@graph":[{"@type":"WebPage","@id":"https:\/\/nocturnes.brussels\/fr\/","url":"https:\/\/nocturnes.brussels\/fr\/","name":"NOCTURNES: BRUSSELS MUSEUMS IN A NEW LIGHT","isPartOf":{"@id":"https:\/\/nocturnes.brussels\/fr\/#website"},"primaryImageOfPage":{"@id":"https:\/\/nocturnes.brussels\/fr\/#primaryimage"},"image":{"@id":"https:\/\/nocturnes.brussels\/fr\/#primaryimage"},"thumbnailUrl":"https:\/\/nocturnes.brussels\/wp-content\/uploads\/2024\/03\/oog_new.png","datePublished":"2018-07-27T18:58:22+00:00","dateModified":"2026-04-02T15:13:14+00:00","description":"Du 13 avril au 18 mai, ouvrez un \u0153il diff\u00e9rent sur les mus\u00e9es et centres d\u2019art bruxellois !\u00a0","inLanguage":"fr-FR","potentialAction":[{"@type":"ReadAction","target":["https:\/\/nocturnes.brussels\/fr\/"]}]},{"@type":"ImageObject","inLanguage":"fr-FR","@id":"https:\/\/nocturnes.brussels\/fr\/#primaryimage","url":"https:\/\/nocturnes.brussels\/wp-content\/uploads\/2024\/03\/oog_new.png","contentUrl":"https:\/\/nocturnes.brussels\/wp-content\/uploads\/2024\/03\/oog_new.png","width":900,"height":467},{"@type":"WebSite","@id":"https:\/\/nocturnes.brussels\/fr\/#website","url":"https:\/\/nocturnes.brussels\/fr\/","name":"Nocturnes","description":"Je lenteavonden die iets memorabels worden? Check de Nocturnes!","potentialAction":[{"@type":"SearchAction","target":{"@type":"EntryPoint","urlTemplate":"https:\/\/nocturnes.brussels\/fr\/?s={search_term_string}"},"query-input":{"@type":"PropertyValueSpecification","valueRequired":true,"valueName":"search_term_string"}}],"inLanguage":"fr-FR"}]}},"_links":{"self":[{"href":"https:\/\/nocturnes.brussels\/fr\/wp-json\/wp\/v2\/pages\/170","targetHints":{"allow":["GET"]}}],"collection":[{"href":"https:\/\/nocturnes.brussels\/fr\/wp-json\/wp\/v2\/pages"}],"about":[{"href":"https:\/\/nocturnes.brussels\/fr\/wp-json\/wp\/v2\/types\/page"}],"author":[{"embeddable":true,"href":"https:\/\/nocturnes.brussels\/fr\/wp-json\/wp\/v2\/users\/1"}],"replies":[{"embeddable":true,"href":"https:\/\/nocturnes.brussels\/fr\/wp-json\/wp\/v2\/comments?post=170"}],"version-history":[{"count":35,"href":"https:\/\/nocturnes.brussels\/fr\/wp-json\/wp\/v2\/pages\/170\/revisions"}],"predecessor-version":[{"id":15094,"href":"https:\/\/nocturnes.brussels\/fr\/wp-json\/wp\/v2\/pages\/170\/revisions\/15094"}],"wp:featuredmedia":[{"embeddable":true,"href":"https:\/\/nocturnes.brussels\/fr\/wp-json\/wp\/v2\/media\/11395"}],"wp:attachment":[{"href":"https:\/\/nocturnes.brussels\/fr\/wp-json\/wp\/v2\/media?parent=170"}],"curies":[{"name":"wp","href":"https:\/\/api.w.org\/{rel}","templated":true}]}}