{"id":12798,"date":"2025-02-13T10:51:31","date_gmt":"2025-02-13T09:51:31","guid":{"rendered":"https:\/\/nocturnes.brussels\/?page_id=12798"},"modified":"2026-03-13T10:51:24","modified_gmt":"2026-03-13T09:51:24","slug":"tickets","status":"publish","type":"page","link":"https:\/\/nocturnes.brussels\/fr\/tickets\/","title":{"rendered":"Tickets"},"content":{"rendered":"<p data-start=\"181\" data-end=\"254\">Pour cette saison des Nocturnes, <strong>trois types de tickets<\/strong> sont disponibles.<\/p>\n<h2 data-start=\"256\" data-end=\"296\">1. TICKET STANDARD (SANS R\u00c9SERVATION)<\/h2>\n<p data-start=\"298\" data-end=\"498\">Acc\u00e8s pour une personne \u00e0 un mus\u00e9e participant dans le cadre d\u2019une visite libre.<br data-start=\"378\" data-end=\"381\" \/>Ce ticket ne donne pas acc\u00e8s aux mus\u00e9es accessibles uniquement sur r\u00e9servation ni aux activit\u00e9s sp\u00e9ciales (Specials).<\/p>\n<p data-start=\"500\" data-end=\"583\">Tarif standard : 8 \u20ac<br data-start=\"520\" data-end=\"523\" \/>Tarif 13\u201325 ans : 5 \u20ac<br data-start=\"544\" data-end=\"547\" \/>Tarif European Disability Card : 5 \u20ac<\/p>\n<h2 data-start=\"590\" data-end=\"619\">2. TICKET AVEC R\u00c9SERVATION<\/h2>\n<p data-start=\"621\" data-end=\"832\">Certains mus\u00e9es et\/ou activit\u00e9s ont une capacit\u00e9 limit\u00e9e. Une r\u00e9servation est donc obligatoire.<br data-start=\"716\" data-end=\"719\" \/>Ce ticket est valable pour une personne pour une activit\u00e9 sp\u00e9cifique dans un mus\u00e9e pr\u00e9cis \u00e0 un horaire d\u00e9termin\u00e9.<\/p>\n<p data-start=\"834\" data-end=\"917\">Tarif standard : 8 \u20ac<br data-start=\"854\" data-end=\"857\" \/>Tarif 13\u201325 ans : 5 \u20ac<br data-start=\"878\" data-end=\"881\" \/>Tarif European Disability Card : 5 \u20ac<\/p>\n<h2 data-start=\"924\" data-end=\"955\">3. NOUVEAUT\u00c9 2026 \u2013 SPECIALS<\/h2>\n<p data-start=\"957\" data-end=\"1235\">Cette ann\u00e9e, certains mus\u00e9es proposent une \u201cSpecial\u201d : des exp\u00e9riences exclusives (jeu, danse, d\u00e9gustation et \u2018extra late\u2019) moyennant un petit suppl\u00e9ment. D\u00e9couvrez ces mus\u00e9es et leurs activit\u00e9s sur notre Page Programme.<br data-start=\"1177\" data-end=\"1180\" \/><strong>Attention<\/strong> : le nombre de places est strictement limit\u00e9.<\/p>\n<p data-start=\"1237\" data-end=\"1353\">Ce ticket est valable pour une personne pour une activit\u00e9 sp\u00e9ciale dans un mus\u00e9e participant \u00e0 un horaire d\u00e9termin\u00e9.<\/p>\n<p data-start=\"1237\" data-end=\"1353\">La visite des collections\/expositions du mus\u00e9e est comprise dans votre Specials Ticket.<\/p>\n<p data-start=\"1355\" data-end=\"1409\">Tarifs : voir le module de ticket ci-contre (<a href=\"https:\/\/shop.paylogic.com\/20a99fdd4cac49ccb08c94f46e7085d6\/tickets-nocturnes-2026\/specials\/kbr-museum\">Specials<\/a>)<\/p>\n<h1 data-start=\"1416\" data-end=\"1429\">R\u00c9DUCTIONS<\/h1>\n<h3 data-start=\"1431\" data-end=\"1451\">Art Nouveau Pass<\/h3>\n<p data-start=\"1453\" data-end=\"1606\">Entr\u00e9e gratuite pour les d\u00e9tenteur\u00b7rice\u00b7s d\u2019un Art Nouveau Pass valide dans les mus\u00e9es suivants : Maison Autrique, Lab\u00b7An x Van Eetvelde, Maison Cauchie.<\/p>\n<p data-start=\"1608\" data-end=\"1662\">Pr\u00e9sentez votre pass au mus\u00e9e le soir de votre visite.<\/p>\n<p data-start=\"1664\" data-end=\"1698\"><a href=\"https:\/\/shop.artnouveaupass.brussels\/fr\/art-nouveau\">Achetez votre Art Nouveau Pass ici<\/a><\/p>\n<h3 data-start=\"1705\" data-end=\"1725\">museumPASSmus\u00e9es<\/h3>\n<p data-start=\"1727\" data-end=\"1799\">Entr\u00e9e gratuite pour les d\u00e9tenteur\u00b7rice\u00b7s d\u2019un MuseumPASSmus\u00e9es valide :<\/p>\n<ul data-start=\"1801\" data-end=\"2163\">\n<li data-start=\"1801\" data-end=\"1925\">\n<p data-start=\"1803\" data-end=\"1925\">Pour les visites libres dans les mus\u00e9es partenaires participants (pr\u00e9sentez votre pass au mus\u00e9e le soir de votre visite)<\/p>\n<\/li>\n<li data-start=\"1926\" data-end=\"2044\">\n<p data-start=\"1928\" data-end=\"2044\">Pour la Special au mus\u00e9e KBR le 12.03.2026 (r\u00e9servation gratuite en ligne via notre site, nombre de places limit\u00e9)<\/p>\n<\/li>\n<li data-start=\"2045\" data-end=\"2163\">\n<p data-start=\"2047\" data-end=\"2163\">Pour une visite au Plan\u00e9tarium le 23.04.2026 (r\u00e9servation gratuite en ligne via notre site, nombre de places limit\u00e9)<\/p>\n<\/li>\n<\/ul>\n<p data-start=\"2165\" data-end=\"2343\">Curieux\u00b7se de d\u00e9couvrir les mus\u00e9es accessibles gratuitement avec le museumpass ? Rep\u00e9rez le logo \u00ab Gratuit avec le Museumpass \u00bb sur les pages mus\u00e9es ou consultez notre <a href=\"https:\/\/nocturnes.brussels\/fr\/info-presse\/\">Page Info<\/a>.<\/p>\n<h3 data-start=\"2350\" data-end=\"2378\">European Disability Card<\/h3>\n<p data-start=\"2380\" data-end=\"2543\">R\u00e9duction valable lors d\u2019une r\u00e9servation en ligne ou lors de l\u2019achat d\u2019un ticket au mus\u00e9e le soir m\u00eame, uniquement sur pr\u00e9sentation de la European Disability Card.<\/p>\n<h3 data-start=\"2550\" data-end=\"2573\">Article 27 et PasPartoe<\/h3>\n<p data-start=\"2575\" data-end=\"2790\">Les b\u00e9n\u00e9ficiaires d\u2019un ticket Article 27 peuvent utiliser leur ticket valide + 1,25 \u20ac dans les mus\u00e9es partenaires participants (voir <a href=\"https:\/\/nocturnes.brussels\/fr\/info-presse\/\">Page Info<\/a>).<\/p>\n<p data-start=\"2575\" data-end=\"2790\">Les d\u00e9tenteurs d&rsquo;un PasPartoe peuvent utiliser leur pass valide + 2 \u20ac dans les mus\u00e9es partenaires participants (voir <a href=\"https:\/\/nocturnes.brussels\/fr\/info-presse\/\">Page Info<\/a>)<\/p>\n<p data-start=\"2575\" data-end=\"2790\"><strong>Uniquement valable sur place<\/strong>. Pr\u00e9sentez votre ticket Article 27 ou PasPartoe au mus\u00e9e le soir de votre visite.<\/p>\n<h3 data-start=\"2797\" data-end=\"2816\">Mus\u00e9es gratuits<\/h3>\n<p data-start=\"2818\" data-end=\"3140\">Certains mus\u00e9es sont accessibles gratuitement. Cette information est indiqu\u00e9e sur la <a href=\"https:\/\/nocturnes.brussels\/fr\/programme\/\">Page Programme<\/a> et la <a href=\"https:\/\/nocturnes.brussels\/fr\/info-presse\/\">Page Info<\/a>.<br data-start=\"2934\" data-end=\"2937\" \/>Si une r\u00e9servation est n\u00e9cessaire, celle-ci peut \u00eatre effectu\u00e9e via la m\u00e9thode indiqu\u00e9e sur la page du mus\u00e9e concern\u00e9.<br data-start=\"3055\" data-end=\"3058\" \/>Consultez la page de chaque mus\u00e9e participant et r\u00e9servez vos activit\u00e9s pr\u00e9f\u00e9r\u00e9es.<\/p>\n<h1 data-start=\"3147\" data-end=\"3167\">ACHETER UN TICKET<\/h1>\n<p data-start=\"3169\" data-end=\"3213\">Vous pouvez acheter votre ticket Nocturnes :<\/p>\n<ul data-start=\"3215\" data-end=\"3351\">\n<li data-start=\"3215\" data-end=\"3239\">\n<p data-start=\"3217\" data-end=\"3239\">via ce site internet<\/p>\n<\/li>\n<li data-start=\"3240\" data-end=\"3351\">\n<p data-start=\"3242\" data-end=\"3351\">le soir m\u00eame au mus\u00e9e que vous souhaitez visiter (\u00e0 l\u2019exception des tickets avec r\u00e9servation et des Specials)<\/p>\n<\/li>\n<\/ul>\n","protected":false},"excerpt":{"rendered":"<p>Pour cette saison des Nocturnes, trois types de tickets sont disponibles. 1. TICKET STANDARD (SANS R\u00c9SERVATION) Acc\u00e8s pour une personne \u00e0 un mus\u00e9e participant dans le cadre d\u2019une visite libre.Ce ticket ne donne pas acc\u00e8s aux mus\u00e9es accessibles uniquement sur r\u00e9servation ni aux activit\u00e9s sp\u00e9ciales (Specials). Tarif standard : 8 \u20acTarif 13\u201325 ans : 5 (&#8230;)<\/p>\n","protected":false},"author":12,"featured_media":0,"parent":0,"menu_order":0,"comment_status":"closed","ping_status":"closed","template":"templates\/tickets.php","meta":{"_acf_changed":false,"footnotes":""},"class_list":["post-12798","page","type-page","status-publish","hentry"],"acf":[],"yoast_head":"<!-- This site is optimized with the Yoast SEO plugin v27.3 - https:\/\/yoast.com\/product\/yoast-seo-wordpress\/ -->\n<title>Tickets | Nocturnes<\/title>\n<meta name=\"robots\" content=\"index, follow, max-snippet:-1, max-image-preview:large, max-video-preview:-1\" \/>\n<link rel=\"canonical\" href=\"https:\/\/nocturnes.brussels\/fr\/tickets\/\" \/>\n<meta property=\"og:locale\" content=\"fr_FR\" \/>\n<meta property=\"og:type\" content=\"article\" \/>\n<meta property=\"og:title\" content=\"Tickets | Nocturnes\" \/>\n<meta property=\"og:description\" content=\"Pour cette saison des Nocturnes, trois types de tickets sont disponibles. 1. TICKET STANDARD (SANS R\u00c9SERVATION) Acc\u00e8s pour une personne \u00e0 un mus\u00e9e participant dans le cadre d\u2019une visite libre.Ce ticket ne donne pas acc\u00e8s aux mus\u00e9es accessibles uniquement sur r\u00e9servation ni aux activit\u00e9s sp\u00e9ciales (Specials). Tarif standard : 8 \u20acTarif 13\u201325 ans : 5 (...)\" \/>\n<meta property=\"og:url\" content=\"https:\/\/nocturnes.brussels\/fr\/tickets\/\" \/>\n<meta property=\"og:site_name\" content=\"Nocturnes\" \/>\n<meta property=\"article:modified_time\" content=\"2026-03-13T09:51:24+00:00\" \/>\n<meta name=\"twitter:card\" content=\"summary_large_image\" \/>\n<meta name=\"twitter:label1\" content=\"Dur\u00e9e de lecture estim\u00e9e\" \/>\n\t<meta name=\"twitter:data1\" content=\"3 minutes\" \/>\n<script type=\"application\/ld+json\" class=\"yoast-schema-graph\">{\"@context\":\"https:\\\/\\\/schema.org\",\"@graph\":[{\"@type\":\"WebPage\",\"@id\":\"https:\\\/\\\/nocturnes.brussels\\\/fr\\\/tickets\\\/\",\"url\":\"https:\\\/\\\/nocturnes.brussels\\\/fr\\\/tickets\\\/\",\"name\":\"Tickets | Nocturnes\",\"isPartOf\":{\"@id\":\"https:\\\/\\\/nocturnes.brussels\\\/fr\\\/#website\"},\"datePublished\":\"2025-02-13T09:51:31+00:00\",\"dateModified\":\"2026-03-13T09:51:24+00:00\",\"inLanguage\":\"fr-FR\",\"potentialAction\":[{\"@type\":\"ReadAction\",\"target\":[\"https:\\\/\\\/nocturnes.brussels\\\/fr\\\/tickets\\\/\"]}]},{\"@type\":\"WebSite\",\"@id\":\"https:\\\/\\\/nocturnes.brussels\\\/fr\\\/#website\",\"url\":\"https:\\\/\\\/nocturnes.brussels\\\/fr\\\/\",\"name\":\"Nocturnes\",\"description\":\"Je lenteavonden die iets memorabels worden? Check de Nocturnes!\",\"potentialAction\":[{\"@type\":\"SearchAction\",\"target\":{\"@type\":\"EntryPoint\",\"urlTemplate\":\"https:\\\/\\\/nocturnes.brussels\\\/fr\\\/?s={search_term_string}\"},\"query-input\":{\"@type\":\"PropertyValueSpecification\",\"valueRequired\":true,\"valueName\":\"search_term_string\"}}],\"inLanguage\":\"fr-FR\"}]}<\/script>\n<!-- \/ Yoast SEO plugin. -->","yoast_head_json":{"title":"Tickets | Nocturnes","robots":{"index":"index","follow":"follow","max-snippet":"max-snippet:-1","max-image-preview":"max-image-preview:large","max-video-preview":"max-video-preview:-1"},"canonical":"https:\/\/nocturnes.brussels\/fr\/tickets\/","og_locale":"fr_FR","og_type":"article","og_title":"Tickets | Nocturnes","og_description":"Pour cette saison des Nocturnes, trois types de tickets sont disponibles. 1. TICKET STANDARD (SANS R\u00c9SERVATION) Acc\u00e8s pour une personne \u00e0 un mus\u00e9e participant dans le cadre d\u2019une visite libre.Ce ticket ne donne pas acc\u00e8s aux mus\u00e9es accessibles uniquement sur r\u00e9servation ni aux activit\u00e9s sp\u00e9ciales (Specials). Tarif standard : 8 \u20acTarif 13\u201325 ans : 5 (...)","og_url":"https:\/\/nocturnes.brussels\/fr\/tickets\/","og_site_name":"Nocturnes","article_modified_time":"2026-03-13T09:51:24+00:00","twitter_card":"summary_large_image","twitter_misc":{"Dur\u00e9e de lecture estim\u00e9e":"3 minutes"},"schema":{"@context":"https:\/\/schema.org","@graph":[{"@type":"WebPage","@id":"https:\/\/nocturnes.brussels\/fr\/tickets\/","url":"https:\/\/nocturnes.brussels\/fr\/tickets\/","name":"Tickets | Nocturnes","isPartOf":{"@id":"https:\/\/nocturnes.brussels\/fr\/#website"},"datePublished":"2025-02-13T09:51:31+00:00","dateModified":"2026-03-13T09:51:24+00:00","inLanguage":"fr-FR","potentialAction":[{"@type":"ReadAction","target":["https:\/\/nocturnes.brussels\/fr\/tickets\/"]}]},{"@type":"WebSite","@id":"https:\/\/nocturnes.brussels\/fr\/#website","url":"https:\/\/nocturnes.brussels\/fr\/","name":"Nocturnes","description":"Je lenteavonden die iets memorabels worden? Check de Nocturnes!","potentialAction":[{"@type":"SearchAction","target":{"@type":"EntryPoint","urlTemplate":"https:\/\/nocturnes.brussels\/fr\/?s={search_term_string}"},"query-input":{"@type":"PropertyValueSpecification","valueRequired":true,"valueName":"search_term_string"}}],"inLanguage":"fr-FR"}]}},"_links":{"self":[{"href":"https:\/\/nocturnes.brussels\/fr\/wp-json\/wp\/v2\/pages\/12798","targetHints":{"allow":["GET"]}}],"collection":[{"href":"https:\/\/nocturnes.brussels\/fr\/wp-json\/wp\/v2\/pages"}],"about":[{"href":"https:\/\/nocturnes.brussels\/fr\/wp-json\/wp\/v2\/types\/page"}],"author":[{"embeddable":true,"href":"https:\/\/nocturnes.brussels\/fr\/wp-json\/wp\/v2\/users\/12"}],"replies":[{"embeddable":true,"href":"https:\/\/nocturnes.brussels\/fr\/wp-json\/wp\/v2\/comments?post=12798"}],"version-history":[{"count":19,"href":"https:\/\/nocturnes.brussels\/fr\/wp-json\/wp\/v2\/pages\/12798\/revisions"}],"predecessor-version":[{"id":15013,"href":"https:\/\/nocturnes.brussels\/fr\/wp-json\/wp\/v2\/pages\/12798\/revisions\/15013"}],"wp:attachment":[{"href":"https:\/\/nocturnes.brussels\/fr\/wp-json\/wp\/v2\/media?parent=12798"}],"curies":[{"name":"wp","href":"https:\/\/api.w.org\/{rel}","templated":true}]}}