{"id":1103,"date":"2018-07-28T16:02:19","date_gmt":"2018-07-28T15:02:19","guid":{"rendered":"https:\/\/nocturnes.brussels\/vrijwilligers\/"},"modified":"2026-02-11T09:52:06","modified_gmt":"2026-02-11T08:52:06","slug":"benevoles","status":"publish","type":"page","link":"https:\/\/nocturnes.brussels\/fr\/benevoles\/","title":{"rendered":"B\u00e9n\u00e9voles"},"content":{"rendered":"<h2>Envie de donner un coup de main lors des Nocturnes ?<\/h2>\n<p>Comme chaque ann\u00e9e, nous recherchons des b\u00e9n\u00e9voles enthousiastes pour nous aider \u00e0 faire de ces soir\u00e9es un v\u00e9ritable succ\u00e8s ! Tous les jeudis soirs du 12.03 au 23.04 entre 18h00 et 22h00, vous pouvez rejoindre l&rsquo;\u00e9quipe d&rsquo;un des mus\u00e9es participants. Les t\u00e2ches des b\u00e9n\u00e9voles sont les suivantes : aider \u00e0 l&rsquo;accueil, scanner des tickets, aider \u00e0 des ateliers, guider le flux du public.<br \/>\nEn retour, les b\u00e9n\u00e9voles recevront un ticket gratuit et, bien s\u00fbr, une soir\u00e9e inoubliable dans un mus\u00e9e bruxellois !<\/p>\n<p>Int\u00e9ress\u00e9\u00b7e? Remplissez <strong><a href=\"https:\/\/forms.cloud.microsoft\/Pages\/ResponsePage.aspx?id=koMV_m5YRUuO-Dl_OBeAdu2WZLrGz31MnV11wZaOHTRUQVdTTzJXV1Q5RUFDN0cxVUwxSVdWRUdRSSQlQCN0PWcu\">ce formulaire<\/a> !<\/strong><\/p>\n<p>Pour toute question, veuillez contacter Ida Stemg\u00e9e via <a href=\"mailto:stagiaire3@brusselsmuseums.be\">stagiaire3@brusselsmuseums.be<\/a><\/p>\n<p>\u00c0 bient\u00f4t !<\/p>\n","protected":false},"excerpt":{"rendered":"<p>Envie de donner un coup de main lors des Nocturnes ? Comme chaque ann\u00e9e, nous recherchons des b\u00e9n\u00e9voles enthousiastes pour nous aider \u00e0 faire de ces soir\u00e9es un v\u00e9ritable succ\u00e8s ! Tous les jeudis soirs du 12.03 au 23.04 entre 18h00 et 22h00, vous pouvez rejoindre l&rsquo;\u00e9quipe d&rsquo;un des mus\u00e9es participants. Les t\u00e2ches des b\u00e9n\u00e9voles (&#8230;)<\/p>\n","protected":false},"author":1,"featured_media":12750,"parent":0,"menu_order":0,"comment_status":"closed","ping_status":"closed","template":"","meta":{"_acf_changed":false,"footnotes":""},"class_list":["post-1103","page","type-page","status-publish","has-post-thumbnail","hentry"],"acf":[],"yoast_head":"<!-- This site is optimized with the Yoast SEO plugin v27.3 - https:\/\/yoast.com\/product\/yoast-seo-wordpress\/ -->\n<title>B\u00e9n\u00e9voles | Nocturnes<\/title>\n<meta name=\"robots\" content=\"index, follow, max-snippet:-1, max-image-preview:large, max-video-preview:-1\" \/>\n<link rel=\"canonical\" href=\"https:\/\/nocturnes.brussels\/fr\/benevoles\/\" \/>\n<meta property=\"og:locale\" content=\"fr_FR\" \/>\n<meta property=\"og:type\" content=\"article\" \/>\n<meta property=\"og:title\" content=\"B\u00e9n\u00e9voles | Nocturnes\" \/>\n<meta property=\"og:description\" content=\"Envie de donner un coup de main lors des Nocturnes ? Comme chaque ann\u00e9e, nous recherchons des b\u00e9n\u00e9voles enthousiastes pour nous aider \u00e0 faire de ces soir\u00e9es un v\u00e9ritable succ\u00e8s ! Tous les jeudis soirs du 12.03 au 23.04 entre 18h00 et 22h00, vous pouvez rejoindre l&rsquo;\u00e9quipe d&rsquo;un des mus\u00e9es participants. Les t\u00e2ches des b\u00e9n\u00e9voles (...)\" \/>\n<meta property=\"og:url\" content=\"https:\/\/nocturnes.brussels\/fr\/benevoles\/\" \/>\n<meta property=\"og:site_name\" content=\"Nocturnes\" \/>\n<meta property=\"article:modified_time\" content=\"2026-02-11T08:52:06+00:00\" \/>\n<meta property=\"og:image\" content=\"https:\/\/nocturnes.brussels\/wp-content\/uploads\/2019\/10\/319eae1c-dae1-428b-99f5-11c08ac1ce5d.jpg\" \/>\n\t<meta property=\"og:image:width\" content=\"1500\" \/>\n\t<meta property=\"og:image:height\" content=\"1471\" \/>\n\t<meta property=\"og:image:type\" content=\"image\/jpeg\" \/>\n<meta name=\"twitter:card\" content=\"summary_large_image\" \/>\n<meta name=\"twitter:label1\" content=\"Dur\u00e9e de lecture estim\u00e9e\" \/>\n\t<meta name=\"twitter:data1\" content=\"1 minute\" \/>\n<script type=\"application\/ld+json\" class=\"yoast-schema-graph\">{\"@context\":\"https:\\\/\\\/schema.org\",\"@graph\":[{\"@type\":\"WebPage\",\"@id\":\"https:\\\/\\\/nocturnes.brussels\\\/fr\\\/benevoles\\\/\",\"url\":\"https:\\\/\\\/nocturnes.brussels\\\/fr\\\/benevoles\\\/\",\"name\":\"B\u00e9n\u00e9voles | Nocturnes\",\"isPartOf\":{\"@id\":\"https:\\\/\\\/nocturnes.brussels\\\/fr\\\/#website\"},\"primaryImageOfPage\":{\"@id\":\"https:\\\/\\\/nocturnes.brussels\\\/fr\\\/benevoles\\\/#primaryimage\"},\"image\":{\"@id\":\"https:\\\/\\\/nocturnes.brussels\\\/fr\\\/benevoles\\\/#primaryimage\"},\"thumbnailUrl\":\"https:\\\/\\\/nocturnes.brussels\\\/wp-content\\\/uploads\\\/2019\\\/10\\\/319eae1c-dae1-428b-99f5-11c08ac1ce5d.jpg\",\"datePublished\":\"2018-07-28T15:02:19+00:00\",\"dateModified\":\"2026-02-11T08:52:06+00:00\",\"inLanguage\":\"fr-FR\",\"potentialAction\":[{\"@type\":\"ReadAction\",\"target\":[\"https:\\\/\\\/nocturnes.brussels\\\/fr\\\/benevoles\\\/\"]}]},{\"@type\":\"ImageObject\",\"inLanguage\":\"fr-FR\",\"@id\":\"https:\\\/\\\/nocturnes.brussels\\\/fr\\\/benevoles\\\/#primaryimage\",\"url\":\"https:\\\/\\\/nocturnes.brussels\\\/wp-content\\\/uploads\\\/2019\\\/10\\\/319eae1c-dae1-428b-99f5-11c08ac1ce5d.jpg\",\"contentUrl\":\"https:\\\/\\\/nocturnes.brussels\\\/wp-content\\\/uploads\\\/2019\\\/10\\\/319eae1c-dae1-428b-99f5-11c08ac1ce5d.jpg\",\"width\":1500,\"height\":1471,\"caption\":\"\u00a9 Shari Danneels\"},{\"@type\":\"WebSite\",\"@id\":\"https:\\\/\\\/nocturnes.brussels\\\/fr\\\/#website\",\"url\":\"https:\\\/\\\/nocturnes.brussels\\\/fr\\\/\",\"name\":\"Nocturnes\",\"description\":\"Je lenteavonden die iets memorabels worden? Check de Nocturnes!\",\"potentialAction\":[{\"@type\":\"SearchAction\",\"target\":{\"@type\":\"EntryPoint\",\"urlTemplate\":\"https:\\\/\\\/nocturnes.brussels\\\/fr\\\/?s={search_term_string}\"},\"query-input\":{\"@type\":\"PropertyValueSpecification\",\"valueRequired\":true,\"valueName\":\"search_term_string\"}}],\"inLanguage\":\"fr-FR\"}]}<\/script>\n<!-- \/ Yoast SEO plugin. -->","yoast_head_json":{"title":"B\u00e9n\u00e9voles | Nocturnes","robots":{"index":"index","follow":"follow","max-snippet":"max-snippet:-1","max-image-preview":"max-image-preview:large","max-video-preview":"max-video-preview:-1"},"canonical":"https:\/\/nocturnes.brussels\/fr\/benevoles\/","og_locale":"fr_FR","og_type":"article","og_title":"B\u00e9n\u00e9voles | Nocturnes","og_description":"Envie de donner un coup de main lors des Nocturnes ? Comme chaque ann\u00e9e, nous recherchons des b\u00e9n\u00e9voles enthousiastes pour nous aider \u00e0 faire de ces soir\u00e9es un v\u00e9ritable succ\u00e8s ! Tous les jeudis soirs du 12.03 au 23.04 entre 18h00 et 22h00, vous pouvez rejoindre l&rsquo;\u00e9quipe d&rsquo;un des mus\u00e9es participants. Les t\u00e2ches des b\u00e9n\u00e9voles (...)","og_url":"https:\/\/nocturnes.brussels\/fr\/benevoles\/","og_site_name":"Nocturnes","article_modified_time":"2026-02-11T08:52:06+00:00","og_image":[{"width":1500,"height":1471,"url":"https:\/\/nocturnes.brussels\/wp-content\/uploads\/2019\/10\/319eae1c-dae1-428b-99f5-11c08ac1ce5d.jpg","type":"image\/jpeg"}],"twitter_card":"summary_large_image","twitter_misc":{"Dur\u00e9e de lecture estim\u00e9e":"1 minute"},"schema":{"@context":"https:\/\/schema.org","@graph":[{"@type":"WebPage","@id":"https:\/\/nocturnes.brussels\/fr\/benevoles\/","url":"https:\/\/nocturnes.brussels\/fr\/benevoles\/","name":"B\u00e9n\u00e9voles | Nocturnes","isPartOf":{"@id":"https:\/\/nocturnes.brussels\/fr\/#website"},"primaryImageOfPage":{"@id":"https:\/\/nocturnes.brussels\/fr\/benevoles\/#primaryimage"},"image":{"@id":"https:\/\/nocturnes.brussels\/fr\/benevoles\/#primaryimage"},"thumbnailUrl":"https:\/\/nocturnes.brussels\/wp-content\/uploads\/2019\/10\/319eae1c-dae1-428b-99f5-11c08ac1ce5d.jpg","datePublished":"2018-07-28T15:02:19+00:00","dateModified":"2026-02-11T08:52:06+00:00","inLanguage":"fr-FR","potentialAction":[{"@type":"ReadAction","target":["https:\/\/nocturnes.brussels\/fr\/benevoles\/"]}]},{"@type":"ImageObject","inLanguage":"fr-FR","@id":"https:\/\/nocturnes.brussels\/fr\/benevoles\/#primaryimage","url":"https:\/\/nocturnes.brussels\/wp-content\/uploads\/2019\/10\/319eae1c-dae1-428b-99f5-11c08ac1ce5d.jpg","contentUrl":"https:\/\/nocturnes.brussels\/wp-content\/uploads\/2019\/10\/319eae1c-dae1-428b-99f5-11c08ac1ce5d.jpg","width":1500,"height":1471,"caption":"\u00a9 Shari Danneels"},{"@type":"WebSite","@id":"https:\/\/nocturnes.brussels\/fr\/#website","url":"https:\/\/nocturnes.brussels\/fr\/","name":"Nocturnes","description":"Je lenteavonden die iets memorabels worden? Check de Nocturnes!","potentialAction":[{"@type":"SearchAction","target":{"@type":"EntryPoint","urlTemplate":"https:\/\/nocturnes.brussels\/fr\/?s={search_term_string}"},"query-input":{"@type":"PropertyValueSpecification","valueRequired":true,"valueName":"search_term_string"}}],"inLanguage":"fr-FR"}]}},"_links":{"self":[{"href":"https:\/\/nocturnes.brussels\/fr\/wp-json\/wp\/v2\/pages\/1103","targetHints":{"allow":["GET"]}}],"collection":[{"href":"https:\/\/nocturnes.brussels\/fr\/wp-json\/wp\/v2\/pages"}],"about":[{"href":"https:\/\/nocturnes.brussels\/fr\/wp-json\/wp\/v2\/types\/page"}],"author":[{"embeddable":true,"href":"https:\/\/nocturnes.brussels\/fr\/wp-json\/wp\/v2\/users\/1"}],"replies":[{"embeddable":true,"href":"https:\/\/nocturnes.brussels\/fr\/wp-json\/wp\/v2\/comments?post=1103"}],"version-history":[{"count":14,"href":"https:\/\/nocturnes.brussels\/fr\/wp-json\/wp\/v2\/pages\/1103\/revisions"}],"predecessor-version":[{"id":14119,"href":"https:\/\/nocturnes.brussels\/fr\/wp-json\/wp\/v2\/pages\/1103\/revisions\/14119"}],"wp:featuredmedia":[{"embeddable":true,"href":"https:\/\/nocturnes.brussels\/fr\/wp-json\/wp\/v2\/media\/12750"}],"wp:attachment":[{"href":"https:\/\/nocturnes.brussels\/fr\/wp-json\/wp\/v2\/media?parent=1103"}],"curies":[{"name":"wp","href":"https:\/\/api.w.org\/{rel}","templated":true}]}}