{"id":1089,"date":"2018-07-28T16:01:44","date_gmt":"2018-07-28T15:01:44","guid":{"rendered":"https:\/\/nocturnes.brussels\/info-pers\/"},"modified":"2026-04-10T10:57:37","modified_gmt":"2026-04-10T08:57:37","slug":"info-presse","status":"publish","type":"page","link":"https:\/\/nocturnes.brussels\/fr\/info-presse\/","title":{"rendered":"Info &#038; Tarifs"},"content":{"rendered":"<h1><b>DATES<\/b><\/h1>\n<p><span style=\"font-weight: 400;\">Chaque jeudi soir, du 12 mars au 23 avril, de <strong>18h00<\/strong> \u00e0 22h00.<\/span><\/p>\n<ul>\n<li>12.03.2026 de 18h00 \u00e0 22h00.<\/li>\n<li aria-level=\"1\">19.03.2026 de 18h00 \u00e0 22h00.<\/li>\n<li aria-level=\"1\">26.03.2026 de 18h00 tot 22h00.<\/li>\n<li aria-level=\"1\">02.04.2026 de 18h00 \u00e0 22h00.<\/li>\n<li aria-level=\"1\">09.04.2026 de 18h00 \u00e0 22h00 (\u00e0 l&rsquo;exception du Nocturne Extra Late)<\/li>\n<li aria-level=\"1\">16.04.2026 de 18h00 \u00e0 22h00.<\/li>\n<li aria-level=\"1\">23.04.2026 de 18h00 \u00e0 22h00.<\/li>\n<\/ul>\n<h1><b>ACC\u00c8S &amp; TARIFS<\/b><\/h1>\n<h2>ACC\u00c8S<\/h2>\n<p style=\"font-weight: 400;\">Pour avoir acc\u00e8s aux Nocturnes, plusieurs possibilit\u00e9s existent.<\/p>\n<p style=\"font-weight: 400;\"><strong>Options gratuites<\/strong> (la page de chaque mus\u00e9e indique s\u2019il est gratuit ou payant)<\/p>\n<ol>\n<li>Le mus\u00e9e est accessible gratuitement et ne demande pas de r\u00e9servation = vous pouvez vous rendre le soir de la Nocturne directement sur place sans ticket ni r\u00e9servation<\/li>\n<li>\n<div><span lang=\"FR\">Le mus\u00e9e est gratuit mais demande une r\u00e9servation pr\u00e9alable pour certaines des activit\u00e9s organis\u00e9es = vous r\u00e9servez une place au mus\u00e9e* \u00e0 l&rsquo;avance et acc\u00e9dez au mus\u00e9e le soir-m\u00eame sans ticket\u00a0<\/span><\/div>\n<\/li>\n<\/ol>\n<p style=\"font-weight: 400;\"><em>* Visitez la page du mus\u00e9e de votre choix pour r\u00e9server une place pour vos activit\u00e9s pr\u00e9f\u00e9r\u00e9es<\/em><\/p>\n<p>Les mus\u00e9es suivants sont gratuits :<\/p>\n<p><em>Mus\u00e9e de la Banque nationale de Belgique, Mus\u00e9e Braille, Mus\u00e9e Juif de Belgique, La Loge, d&rsquo;Ieteren Gallery, ULB Exp\u00e9rimentarium de chimie, ULB Exp\u00e9rimentarium de physique, ULB Mus\u00e9e des Plantes m\u00e9dicinales et de la Pharmacie, ULB Mus\u00e9e de Zoologie et Anthropologie, Fraternelle des Agents Parachutistes 1940-45, Mus\u00e9e schaerbeekois de la Bi\u00e8re, La Maison des Arts, arte-fac Jardin des Plantes m\u00e9dicinales Paul Moens, Maison d&rsquo;Erasme, Mus\u00e9e Maurice Car\u00eame, ULB Espace Allende (Espace Vandenborght), Fondation A.<\/em><\/p>\n<p>&nbsp;<\/p>\n<p style=\"font-weight: 400;\"><strong>Options payantes<\/strong><\/p>\n<ol>\n<li>Un <strong>Ticket standard (sans r\u00e9servation)<\/strong> valable pour un des mus\u00e9es participants pour une des soir\u00e9es Nocturnes, sans r\u00e9servation. Dans le cas o\u00f9 les mus\u00e9es organisent des activit\u00e9s pour un nombre limit\u00e9 de participants, vous pouvez les rejoindre pendant votre visite.<\/li>\n<li>Le mus\u00e9e est payant et n\u2019est accessible que sur r\u00e9servation = vous achetez un <strong>ticket AVEC r\u00e9servation <\/strong>en ligne sur ce site et vous pr\u00e9sentez avec le ticket le soir de la Nocturne \u00e0 l\u2019heure de l\u2019activit\u00e9 figurant sur votre ticket.<\/li>\n<li>Un <strong>Special Ticket<\/strong> payant, valable pour participer \u00e0 une activit\u00e9 sp\u00e9ciale organis\u00e9e par l&rsquo;un des 7 mus\u00e9es pendant les Nocturnes. Avant ou apr\u00e8s la participation \u00e0 l&rsquo;activit\u00e9 sp\u00e9ciale, vous pouvez aussi visiter le mus\u00e9e et sa collection\/exposition.<\/li>\n<\/ol>\n<h3><strong>1 TICKET = 1 MUS\u00c9E = 1 PERSONNE<\/strong><\/h3>\n<p>&nbsp;<\/p>\n<h2>TARIFS<\/h2>\n<ul>\n<li><span style=\"font-weight: 400;\">26 ans et plus : 8\u20ac<\/span><\/li>\n<li><span style=\"font-weight: 400;\">13 &#8211; 25 ans : 5\u20ac\u00a0<\/span><\/li>\n<li><span style=\"font-weight: 400;\">0-12 ans : gratuit* (pas de ticket n\u00e9cessaire)<\/span><\/li>\n<li>Il existe diff\u00e9rents tarifs pour le <strong>Special Ticket<\/strong>, en fonction de l&rsquo;activit\u00e9. Vous trouverez toutes les informations sur notre page Tickets.<\/li>\n<\/ul>\n<p><span style=\"font-weight: 400;\"><span class=\"TextRun SCXW240309882 BCX4\" lang=\"FR-BE\" xml:lang=\"FR-BE\" data-contrast=\"auto\"><span class=\"NormalTextRun SCXW240309882 BCX4\">*<\/span><\/span><span class=\"TextRun SCXW240309882 BCX4\" lang=\"FR-BE\" xml:lang=\"FR-BE\" data-contrast=\"auto\"><span class=\"NormalTextRun SCXW240309882 BCX4\">E<\/span><span class=\"NormalTextRun SCXW240309882 BCX4\">xception : au Mus\u00e9e des Enfants, un ticket de 5<\/span> <span class=\"NormalTextRun SCXW240309882 BCX4\">\u20ac est requis pour les enfants\u202f(3-12 ans)<\/span><\/span><\/span><\/p>\n<p>&nbsp;<\/p>\n<h3><span style=\"font-weight: 400;\"><strong>+ Art Nouveau Pass<\/strong><br \/>\n<\/span><\/h3>\n<p><span style=\"font-weight: 400;\">Entr\u00e9e gratuite pour les d\u00e9tenteurs d\u2019un Art Nouveau Pass valide dans les mus\u00e9es suivants: <\/span><i><span style=\"font-weight: 400;\">Maison Autrique, LAB\u00b7AN X HOTEL VAN EETVELDE, Maison Cauchie.<br \/>\n<\/span><\/i><\/p>\n<p style=\"font-weight: 400;\">Pour le <i><span style=\"font-weight: 400;\">LAB\u00b7AN X HOTEL VAN EETVELDE<\/span><\/i>\u00a0et la Maison Autrique, pr\u00e9sentez votre pass le soir de la Nocturne.<\/p>\n<p style=\"font-weight: 400;\">Pour la Maison Cauchie, il est n\u00e9cessaire de r\u00e9server en ligne sur notre site (option tarif 0 \u20ac avec Art Nouveau Pass).<\/p>\n<p style=\"font-weight: 400;\">Si vous ne l\u2019avez pas encore, <a href=\"https:\/\/shop.artnouveaupass.brussels\/en\/art-nouveau\"><strong>Achetez votre Art Nouveau Pass<\/strong><\/a><\/p>\n<h3><span style=\"font-weight: 400;\"><strong>+ Article 27 : 1,25 \u20ac<\/strong>\u00a0<\/span><\/h3>\n<p><span style=\"font-weight: 400;\">Les b\u00e9n\u00e9ficiaires de tickets Article 27 peuvent utiliser leur ticket en cours de validit\u00e9 et seulement pay\u00e9 1,25\u20ac dans les mus\u00e9es suivants: La <\/span><i><span style=\"font-weight: 400;\">Fonderie, Maison Autrique, Mus\u00e9e BELvue, Mus\u00e9e des Egouts, Institut des Sciences Naturelles, Palais du Coudenberg, Mus\u00e9e schaerbeekois de la Bi\u00e8re, WIELS, Wittockiana, Belgian Chocolate Village, Mus\u00e9e du Moulin et de l&rsquo;alimentation, Mus\u00e9e Juif de Belgique, Mus\u00e9e Royal de l&rsquo;Arm\u00e9e, H\u00f4tel de Ville de Bruxelles, Maison du Roi &#8211; Mus\u00e9e de la Ville de Bruxelles, Mus\u00e9e belge de la Franc-Ma\u00e7onnerie, MigratieMuseumMigration.<\/span><\/i><\/p>\n<p>Pr\u00e9sentez votre ticket Article 27 au mus\u00e9e le soir de votre visite.<\/p>\n<h3><strong>+ museumPASSmus\u00e9es<\/strong><\/h3>\n<p>Acc\u00e8s gratuit pour les d\u00e9tenteurs d&rsquo;un MuseumPASSMus\u00e9es valide dans les mus\u00e9es <strong>payants<\/strong> suivants :<\/p>\n<p><em>KBR museum, Mus\u00e9e BELvue, Mus\u00e9e royal de l&rsquo;Arm\u00e9e, La Fonderie, H\u00f4tel de ville de Bruxelles, Maison du Roi &#8211; Mus\u00e9e de la Ville de Bruxelles, Maison Autrique, Mus\u00e9e bruxellois du Moulin et de l&rsquo;Alimentation, Palais du Coudenberg, FeliXart &amp; Eco Museum, Wittockiana, LAB\u00b7An x Van Eetvelde, Mus\u00e9e belge de la Franc-Ma\u00e7onnerie, Mus\u00e9e des \u00e9gouts, WIELS, MigratieMuseumMigration, Jardin botanique de Meise.<\/em><\/p>\n<p>Attention : les d\u00e9tenteurs d&rsquo;un MuseumPASSMus\u00e9es valide qui souhaitent visiter le <em>Plan\u00e9tarium de Bruxelles<\/em> doivent effectuer une <strong>r\u00e9servation<\/strong> via ce site web.<\/p>\n<h3><span style=\"font-weight: 400;\"><strong>+ PasPartoe kansentarief : 2 \u20ac<\/strong>\u00a0<\/span><\/h3>\n<p><span style=\"font-weight: 400;\">Les b\u00e9n\u00e9ficiaires d&rsquo;un PasPartoe kansentarief peuvent utiliser leur ticket en cours de validit\u00e9 et seulement pay\u00e9\u00a02\u20ac dans les mus\u00e9es suivants: <em>Mus\u00e9e BELvue, WIELS, MigratieMuseumMigration<\/em>.<\/span><\/p>\n<p>Pr\u00e9sentez votre PasPartoe au mus\u00e9e le soir de votre visite.<\/p>\n<p>&nbsp;<\/p>\n<h1 style=\"font-weight: 400;\"><strong>O\u00d9 ACHETER UN TICKET ?<\/strong><\/h1>\n<p style=\"font-weight: 400;\">Vous pouvez acheter votre ticket d\u2019entr\u00e9e Nocturnes :<\/p>\n<ul>\n<li>sur ce site web<\/li>\n<li>le soir-m\u00eame au mus\u00e9e que vous d\u00e9sirez visiter, <strong>\u00e0 l&rsquo;exception<\/strong> des mus\u00e9es payantes pour lesquels la r\u00e9servation pr\u00e9alable est obligatoire (voir ci-dessous)<\/li>\n<\/ul>\n<p style=\"font-weight: 400;\">Votre ticket est valable pour une entr\u00e9e dans un mus\u00e9e participant, <strong>\u00e0 l&rsquo;exception<\/strong> des mus\u00e9es gratuits et des mus\u00e9es ou activit\u00e9s accessibles uniquement sur r\u00e9servation.<\/p>\n<h1><b>R\u00c9SERVATIONS<\/b><\/h1>\n<div class=\"page\" title=\"Page 1\">\n<div class=\"section\">\n<div class=\"layoutArea\">\n<div class=\"column\">\n<p style=\"font-weight: 400;\">Les mus\u00e9es ci-dessous ont une capacit\u00e9 limit\u00e9e et n\u00e9cessitent donc une r\u00e9servation. Sur notre page Ticketing, vous pouvez acheter des <strong>tickets AVEC r\u00e9servation<\/strong> pour ces mus\u00e9es.<\/p>\n<p style=\"font-weight: 400;\"><em>Maison Cauchie<\/em><\/p>\n<p style=\"font-weight: 400;\"><em>La Maison des Arts (seulement pour l&rsquo;activit\u00e9 Behind the Scenes, l&rsquo;entr\u00e9e au mus\u00e9e est gratuite)<\/em><\/p>\n<p style=\"font-weight: 400;\"><em>Clockarium<\/em><\/p>\n<p style=\"font-weight: 400;\"><em>Plan\u00e9tarium de Bruxelles<\/em><\/p>\n<p>&nbsp;<\/p>\n<p>Les activit\u00e9s ci-dessous, organis\u00e9es dans un seul mus\u00e9e, ont une capacit\u00e9 limit\u00e9e et n\u00e9cessitent donc une r\u00e9servation. Vous pouvez acheter des billets sur r\u00e9servation pour ces activit\u00e9s sur notre page billetterie.<\/p>\n<p><strong>Special &#8211; Dance<\/strong> : <em>KBR museum<\/em><br \/>\n<strong>Special &#8211; Games<\/strong>\u00a0: <em>mus\u00e9e BELvue, La Fonderie<\/em><br \/>\n<strong>Special &#8211; T<\/strong><b>asting<\/b>\u00a0: <em>Maison d&rsquo;\u00c9rasme, Mus\u00e9e de l&rsquo;\u00c9rotisme et de la Mythologie (MEM)<\/em><br \/>\n<strong>Special &#8211; Extra Late<\/strong> : <em>Mus\u00e9e de l&rsquo;Arm\u00e9e<\/em><\/p>\n<p style=\"font-weight: 400;\"><strong>ATTENTION<\/strong>\u00a0: Ces tickets ne donnent acc\u00e8s qu\u2019\u00e0 un mus\u00e9e pour une activit\u00e9 \u00e0 une heure pr\u00e9cise. Il ne donne acc\u00e8s \u00e0 aucun autre mus\u00e9e participant.<\/p>\n<p style=\"font-weight: 400;\">\n<\/div>\n<\/div>\n<\/div>\n<\/div>\n<h1><b>ACCESSIBILIT\u00c9\u00a0<\/b><\/h1>\n<p>Cette ann\u00e9e, avec notre propre projet <a href=\"https:\/\/openmuseum.brussels\/fr\/\">Open Museum<\/a>, nous avons d\u00e9velopp\u00e9 un programme plus inclusif &#8211; un certain nombre de mus\u00e9es proposent des activit\u00e9s visant \u00e0 rendre les mus\u00e9es accessibles \u00e0 un public plus large. En collaboration avec <a href=\"https:\/\/www.artsetculture.be\">Arts&amp;Culture<\/a><\/p>\n<p>Arts&amp;Culture propose un certain nombre de visites en langue des signes franco-belge (LSFB).<\/p>\n<p>Les mus\u00e9es participants sont les suivants :<\/p>\n<p><em>La Loge<\/em>, <em>Maison\u00a0<\/em><i>d&rsquo;Erasme, <\/i><em>Plan\u00e9tarium de Bruxelles<\/em>, <em>H\u00f4tel de Ville de Bruxelles, <\/em><em>WIELS, <span style=\"font-weight: 400;\">LAB\u00b7AN X HOTEL VAN EETVELDE<\/span><\/em><\/p>\n<p>Retrouvez toutes les informations sur ces visites sur la page du mus\u00e9e !<\/p>\n<ul data-editing-info=\"{&quot;applyListStyleFromLevel&quot;:true,&quot;unorderedStyleType&quot;:1}\">\n<li data-ogsc=\"black\">\n<div role=\"presentation\" data-ogsc=\"\" data-olk-copy-source=\"MessageBody\">Pour toute question concernant l\u2019accessibilit\u00e9 g\u00e9n\u00e9rale des mus\u00e9es : contactez directement le mus\u00e9e concern\u00e9.<\/div>\n<\/li>\n<li data-ogsc=\"black\">\n<div role=\"presentation\" data-ogsc=\"\">Pour toute question relative \u00e0 l\u2019activit\u00e9 inclusive : contactez\u00a0<a title=\"mailto:julie@brusselsmuseums.be\" href=\"mailto:julie@brusselsmuseums.be\" data-outlook-id=\"121b128e-4578-4fe9-9686-dc9b1bf6a650\" data-linkindex=\"2\" data-ogsc=\"\">Julie<\/a>.<\/div>\n<\/li>\n<\/ul>\n<h1><b>PRESSE<\/b><\/h1>\n<p><span style=\"font-weight: 400;\">CONTACT<\/span><\/p>\n<ul>\n<li><span style=\"font-weight: 400;\">Brussels Museums asbl<\/span><\/li>\n<li><span style=\"font-weight: 400;\">Galerie du Roi 15, 1000 Bruxelles<\/span><\/li>\n<li><a href=\"mailto:info@brusselsmuseums.be\"><span style=\"font-weight: 400;\">info@brusselsmuseums.be<\/span><\/a><\/li>\n<\/ul>\n<p><span style=\"font-weight: 400;\">PRESSE (FR)<\/span><\/p>\n<ul>\n<li><span style=\"font-weight: 400;\">Kelina Koustoulidis (charg\u00e9e de projet)<\/span><\/li>\n<li><a href=\"mailto:kelina@brusselsmuseums.be\"><span style=\"font-weight: 400;\">kelina@brusselsmuseums.be<\/span><\/a><\/li>\n<li><span style=\"font-weight: 400;\">02\/889 00 39<\/span><\/li>\n<li>Communiqu\u00e9 de presse 2026<\/li>\n<\/ul>\n","protected":false},"excerpt":{"rendered":"<p>DATES Chaque jeudi soir, du 12 mars au 23 avril, de 18h00 \u00e0 22h00. 12.03.2026 de 18h00 \u00e0 22h00. 19.03.2026 de 18h00 \u00e0 22h00. 26.03.2026 de 18h00 tot 22h00. 02.04.2026 de 18h00 \u00e0 22h00. 09.04.2026 de 18h00 \u00e0 22h00 (\u00e0 l&rsquo;exception du Nocturne Extra Late) 16.04.2026 de 18h00 \u00e0 22h00. 23.04.2026 de 18h00 \u00e0 22h00. (&#8230;)<\/p>\n","protected":false},"author":1,"featured_media":14078,"parent":0,"menu_order":0,"comment_status":"closed","ping_status":"closed","template":"","meta":{"_acf_changed":false,"footnotes":""},"class_list":["post-1089","page","type-page","status-publish","has-post-thumbnail","hentry"],"acf":[],"yoast_head":"<!-- This site is optimized with the Yoast SEO plugin v27.4 - https:\/\/yoast.com\/product\/yoast-seo-wordpress\/ -->\n<title>Info &amp; Tarifs | Nocturnes<\/title>\n<meta name=\"robots\" content=\"index, follow, max-snippet:-1, max-image-preview:large, max-video-preview:-1\" \/>\n<link rel=\"canonical\" href=\"https:\/\/nocturnes.brussels\/fr\/info-presse\/\" \/>\n<meta property=\"og:locale\" content=\"fr_FR\" \/>\n<meta property=\"og:type\" content=\"article\" \/>\n<meta property=\"og:title\" content=\"Info &amp; Tarifs | Nocturnes\" \/>\n<meta property=\"og:description\" content=\"DATES Chaque jeudi soir, du 12 mars au 23 avril, de 18h00 \u00e0 22h00. 12.03.2026 de 18h00 \u00e0 22h00. 19.03.2026 de 18h00 \u00e0 22h00. 26.03.2026 de 18h00 tot 22h00. 02.04.2026 de 18h00 \u00e0 22h00. 09.04.2026 de 18h00 \u00e0 22h00 (\u00e0 l&rsquo;exception du Nocturne Extra Late) 16.04.2026 de 18h00 \u00e0 22h00. 23.04.2026 de 18h00 \u00e0 22h00. (...)\" \/>\n<meta property=\"og:url\" content=\"https:\/\/nocturnes.brussels\/fr\/info-presse\/\" \/>\n<meta property=\"og:site_name\" content=\"Nocturnes\" \/>\n<meta property=\"article:modified_time\" content=\"2026-04-10T08:57:37+00:00\" \/>\n<meta name=\"twitter:card\" content=\"summary_large_image\" \/>\n<meta name=\"twitter:image\" content=\"https:\/\/nocturnes.brussels\/wp-content\/uploads\/2026\/02\/visual26.png\" \/>\n<meta name=\"twitter:label1\" content=\"Dur\u00e9e de lecture estim\u00e9e\" \/>\n\t<meta name=\"twitter:data1\" content=\"6 minutes\" \/>\n<script type=\"application\/ld+json\" class=\"yoast-schema-graph\">{\"@context\":\"https:\\\/\\\/schema.org\",\"@graph\":[{\"@type\":\"WebPage\",\"@id\":\"https:\\\/\\\/nocturnes.brussels\\\/fr\\\/info-presse\\\/\",\"url\":\"https:\\\/\\\/nocturnes.brussels\\\/fr\\\/info-presse\\\/\",\"name\":\"Info & Tarifs | Nocturnes\",\"isPartOf\":{\"@id\":\"https:\\\/\\\/nocturnes.brussels\\\/fr\\\/#website\"},\"primaryImageOfPage\":{\"@id\":\"https:\\\/\\\/nocturnes.brussels\\\/fr\\\/info-presse\\\/#primaryimage\"},\"image\":{\"@id\":\"https:\\\/\\\/nocturnes.brussels\\\/fr\\\/info-presse\\\/#primaryimage\"},\"thumbnailUrl\":\"https:\\\/\\\/nocturnes.brussels\\\/wp-content\\\/uploads\\\/2026\\\/02\\\/visual26.png\",\"datePublished\":\"2018-07-28T15:01:44+00:00\",\"dateModified\":\"2026-04-10T08:57:37+00:00\",\"inLanguage\":\"fr-FR\",\"potentialAction\":[{\"@type\":\"ReadAction\",\"target\":[\"https:\\\/\\\/nocturnes.brussels\\\/fr\\\/info-presse\\\/\"]}]},{\"@type\":\"ImageObject\",\"inLanguage\":\"fr-FR\",\"@id\":\"https:\\\/\\\/nocturnes.brussels\\\/fr\\\/info-presse\\\/#primaryimage\",\"url\":\"https:\\\/\\\/nocturnes.brussels\\\/wp-content\\\/uploads\\\/2026\\\/02\\\/visual26.png\",\"contentUrl\":\"https:\\\/\\\/nocturnes.brussels\\\/wp-content\\\/uploads\\\/2026\\\/02\\\/visual26.png\",\"width\":1000,\"height\":1321},{\"@type\":\"WebSite\",\"@id\":\"https:\\\/\\\/nocturnes.brussels\\\/fr\\\/#website\",\"url\":\"https:\\\/\\\/nocturnes.brussels\\\/fr\\\/\",\"name\":\"Nocturnes\",\"description\":\"Je lenteavonden die iets memorabels worden? Check de Nocturnes!\",\"potentialAction\":[{\"@type\":\"SearchAction\",\"target\":{\"@type\":\"EntryPoint\",\"urlTemplate\":\"https:\\\/\\\/nocturnes.brussels\\\/fr\\\/?s={search_term_string}\"},\"query-input\":{\"@type\":\"PropertyValueSpecification\",\"valueRequired\":true,\"valueName\":\"search_term_string\"}}],\"inLanguage\":\"fr-FR\"}]}<\/script>\n<!-- \/ Yoast SEO plugin. -->","yoast_head_json":{"title":"Info & Tarifs | Nocturnes","robots":{"index":"index","follow":"follow","max-snippet":"max-snippet:-1","max-image-preview":"max-image-preview:large","max-video-preview":"max-video-preview:-1"},"canonical":"https:\/\/nocturnes.brussels\/fr\/info-presse\/","og_locale":"fr_FR","og_type":"article","og_title":"Info & Tarifs | Nocturnes","og_description":"DATES Chaque jeudi soir, du 12 mars au 23 avril, de 18h00 \u00e0 22h00. 12.03.2026 de 18h00 \u00e0 22h00. 19.03.2026 de 18h00 \u00e0 22h00. 26.03.2026 de 18h00 tot 22h00. 02.04.2026 de 18h00 \u00e0 22h00. 09.04.2026 de 18h00 \u00e0 22h00 (\u00e0 l&rsquo;exception du Nocturne Extra Late) 16.04.2026 de 18h00 \u00e0 22h00. 23.04.2026 de 18h00 \u00e0 22h00. (...)","og_url":"https:\/\/nocturnes.brussels\/fr\/info-presse\/","og_site_name":"Nocturnes","article_modified_time":"2026-04-10T08:57:37+00:00","twitter_card":"summary_large_image","twitter_image":"https:\/\/nocturnes.brussels\/wp-content\/uploads\/2026\/02\/visual26.png","twitter_misc":{"Dur\u00e9e de lecture estim\u00e9e":"6 minutes"},"schema":{"@context":"https:\/\/schema.org","@graph":[{"@type":"WebPage","@id":"https:\/\/nocturnes.brussels\/fr\/info-presse\/","url":"https:\/\/nocturnes.brussels\/fr\/info-presse\/","name":"Info & Tarifs | Nocturnes","isPartOf":{"@id":"https:\/\/nocturnes.brussels\/fr\/#website"},"primaryImageOfPage":{"@id":"https:\/\/nocturnes.brussels\/fr\/info-presse\/#primaryimage"},"image":{"@id":"https:\/\/nocturnes.brussels\/fr\/info-presse\/#primaryimage"},"thumbnailUrl":"https:\/\/nocturnes.brussels\/wp-content\/uploads\/2026\/02\/visual26.png","datePublished":"2018-07-28T15:01:44+00:00","dateModified":"2026-04-10T08:57:37+00:00","inLanguage":"fr-FR","potentialAction":[{"@type":"ReadAction","target":["https:\/\/nocturnes.brussels\/fr\/info-presse\/"]}]},{"@type":"ImageObject","inLanguage":"fr-FR","@id":"https:\/\/nocturnes.brussels\/fr\/info-presse\/#primaryimage","url":"https:\/\/nocturnes.brussels\/wp-content\/uploads\/2026\/02\/visual26.png","contentUrl":"https:\/\/nocturnes.brussels\/wp-content\/uploads\/2026\/02\/visual26.png","width":1000,"height":1321},{"@type":"WebSite","@id":"https:\/\/nocturnes.brussels\/fr\/#website","url":"https:\/\/nocturnes.brussels\/fr\/","name":"Nocturnes","description":"Je lenteavonden die iets memorabels worden? Check de Nocturnes!","potentialAction":[{"@type":"SearchAction","target":{"@type":"EntryPoint","urlTemplate":"https:\/\/nocturnes.brussels\/fr\/?s={search_term_string}"},"query-input":{"@type":"PropertyValueSpecification","valueRequired":true,"valueName":"search_term_string"}}],"inLanguage":"fr-FR"}]}},"_links":{"self":[{"href":"https:\/\/nocturnes.brussels\/fr\/wp-json\/wp\/v2\/pages\/1089","targetHints":{"allow":["GET"]}}],"collection":[{"href":"https:\/\/nocturnes.brussels\/fr\/wp-json\/wp\/v2\/pages"}],"about":[{"href":"https:\/\/nocturnes.brussels\/fr\/wp-json\/wp\/v2\/types\/page"}],"author":[{"embeddable":true,"href":"https:\/\/nocturnes.brussels\/fr\/wp-json\/wp\/v2\/users\/1"}],"replies":[{"embeddable":true,"href":"https:\/\/nocturnes.brussels\/fr\/wp-json\/wp\/v2\/comments?post=1089"}],"version-history":[{"count":46,"href":"https:\/\/nocturnes.brussels\/fr\/wp-json\/wp\/v2\/pages\/1089\/revisions"}],"predecessor-version":[{"id":15104,"href":"https:\/\/nocturnes.brussels\/fr\/wp-json\/wp\/v2\/pages\/1089\/revisions\/15104"}],"wp:featuredmedia":[{"embeddable":true,"href":"https:\/\/nocturnes.brussels\/fr\/wp-json\/wp\/v2\/media\/14078"}],"wp:attachment":[{"href":"https:\/\/nocturnes.brussels\/fr\/wp-json\/wp\/v2\/media?parent=1089"}],"curies":[{"name":"wp","href":"https:\/\/api.w.org\/{rel}","templated":true}]}}