{"id":1022,"date":"2018-08-22T16:06:48","date_gmt":"2018-08-22T15:06:48","guid":{"rendered":"https:\/\/nocturnes.brussels\/?page_id=1022"},"modified":"2026-02-04T10:20:55","modified_gmt":"2026-02-04T09:20:55","slug":"brussels-museums","status":"publish","type":"page","link":"https:\/\/nocturnes.brussels\/fr\/brussels-museums\/","title":{"rendered":"Brussels Museums"},"content":{"rendered":"<p><strong>Brussels Museums est l\u2019association qui relie plus de 120 mus\u00e9es bruxellois. Nous d\u00e9fendons l\u2019accessibilit\u00e9 de tous les publics \u00e0 travers des projets collectifs.<\/strong><\/p>\n<p><span style=\"font-weight: 400;\">Depuis plus de 30 ans d\u00e9j\u00e0, Brussels Museums travaille avec les mus\u00e9es et de nombreux partenaires pour:<\/span><\/p>\n<ul>\n<li style=\"font-weight: 400;\" aria-level=\"1\"><span style=\"font-weight: 400;\">valoriser l\u2019image des mus\u00e9es de Bruxelles\u00a0<\/span><\/li>\n<li style=\"font-weight: 400;\" aria-level=\"1\"><span style=\"font-weight: 400;\">d\u00e9fendre l\u2019accessibilit\u00e9 des mus\u00e9es pour tous les publics\u00a0<\/span><\/li>\n<li style=\"font-weight: 400;\" aria-level=\"1\"><span style=\"font-weight: 400;\">r\u00e9aliser un travail de concertation \u00e0 destination des mus\u00e9es.<\/span><\/li>\n<\/ul>\n<p><span style=\"font-weight: 400;\">Pour rendre les mus\u00e9es plus accessibles, Brussels Museums organise de nombreuses initiatives : <strong><a href=\"https:\/\/www.museumnightfever.be\/fr\/\">Museum Night Fever<\/a>,\u00a0<\/strong> <a href=\"https:\/\/nocturnes.brussels\/fr\/\"><strong>Nocturnes<\/strong><\/a>, le city pass <strong><a href=\"https:\/\/www.visit.brussels\/fr\/visiteurs\/que-faire\/brussels-card\">Brussels Card<\/a><\/strong>\u00a0et le <strong><a href=\"https:\/\/artnouveau.brussels\/pass-art-nouveau\/?lang=fr\">Art Nouveau Pass.<\/a><\/strong><\/span><\/p>\n<p><span style=\"font-weight: 400;\">Brussels Museums r\u00e9alise \u00e9galement un travail important de concertation \u00e0 destination des mus\u00e9es bruxellois et s\u2019engage pour des mus\u00e9es ouverts, repr\u00e9sentatifs de la diversit\u00e9 de notre soci\u00e9t\u00e9. C&rsquo;est pour r\u00e9pondre \u00e0 cet objectif que le projet <a href=\"https:\/\/openmuseum.brussels\/fr\/\"><strong>Open Museum<\/strong><\/a> a \u00e9t\u00e9 cr\u00e9\u00e9.<\/span><\/p>\n<p class=\"heading heading--level-3\"><span style=\"font-weight: 400;\">Jetez un \u0153il au site officiel de +120 mus\u00e9es \u00e0 Bruxelles <\/span><a href=\"https:\/\/www.brusselsmuseums.be\/\"><span style=\"font-weight: 400;\"><strong>www.brusselsmuseums.be<\/strong><\/span><\/a><span style=\"font-weight: 400;\"> et ne perdez jamais de vue leurs derni\u00e8res expos, \u00e9v\u00e8nements et news.<\/span><\/p>\n","protected":false},"excerpt":{"rendered":"<p>Brussels Museums est l\u2019association qui relie plus de 120 mus\u00e9es bruxellois. Nous d\u00e9fendons l\u2019accessibilit\u00e9 de tous les publics \u00e0 travers des projets collectifs. Depuis plus de 30 ans d\u00e9j\u00e0, Brussels Museums travaille avec les mus\u00e9es et de nombreux partenaires pour: valoriser l\u2019image des mus\u00e9es de Bruxelles\u00a0 d\u00e9fendre l\u2019accessibilit\u00e9 des mus\u00e9es pour tous les publics\u00a0 r\u00e9aliser (&#8230;)<\/p>\n","protected":false},"author":3,"featured_media":0,"parent":0,"menu_order":0,"comment_status":"closed","ping_status":"closed","template":"","meta":{"_acf_changed":false,"footnotes":""},"class_list":["post-1022","page","type-page","status-publish","hentry"],"acf":[],"yoast_head":"<!-- This site is optimized with the Yoast SEO plugin v27.3 - https:\/\/yoast.com\/product\/yoast-seo-wordpress\/ -->\n<title>Brussels Museums | Nocturnes<\/title>\n<meta name=\"robots\" content=\"index, follow, max-snippet:-1, max-image-preview:large, max-video-preview:-1\" \/>\n<link rel=\"canonical\" href=\"https:\/\/nocturnes.brussels\/fr\/brussels-museums\/\" \/>\n<meta property=\"og:locale\" content=\"fr_FR\" \/>\n<meta property=\"og:type\" content=\"article\" \/>\n<meta property=\"og:title\" content=\"Brussels Museums - Brussels Museums Nocturnes\" \/>\n<meta property=\"og:description\" content=\"Brussels Museums est l&#039;association sans but lucratif ind\u00e9pendante qui r\u00e9unit plus de 100 mus\u00e9es bruxellois. Notre association a pour but de valoriser l\u2019image des mus\u00e9es de Bruxelles et d\u00e9fendre leur accessibilit\u00e9 \u00e0 tous.\" \/>\n<meta property=\"og:url\" content=\"https:\/\/nocturnes.brussels\/fr\/brussels-museums\/\" \/>\n<meta property=\"og:site_name\" content=\"Nocturnes\" \/>\n<meta property=\"article:modified_time\" content=\"2026-02-04T09:20:55+00:00\" \/>\n<meta name=\"twitter:card\" content=\"summary_large_image\" \/>\n<meta name=\"twitter:label1\" content=\"Dur\u00e9e de lecture estim\u00e9e\" \/>\n\t<meta name=\"twitter:data1\" content=\"1 minute\" \/>\n<script type=\"application\/ld+json\" class=\"yoast-schema-graph\">{\"@context\":\"https:\\\/\\\/schema.org\",\"@graph\":[{\"@type\":\"WebPage\",\"@id\":\"https:\\\/\\\/nocturnes.brussels\\\/fr\\\/brussels-museums\\\/\",\"url\":\"https:\\\/\\\/nocturnes.brussels\\\/fr\\\/brussels-museums\\\/\",\"name\":\"Brussels Museums | Nocturnes\",\"isPartOf\":{\"@id\":\"https:\\\/\\\/nocturnes.brussels\\\/fr\\\/#website\"},\"datePublished\":\"2018-08-22T15:06:48+00:00\",\"dateModified\":\"2026-02-04T09:20:55+00:00\",\"inLanguage\":\"fr-FR\",\"potentialAction\":[{\"@type\":\"ReadAction\",\"target\":[\"https:\\\/\\\/nocturnes.brussels\\\/fr\\\/brussels-museums\\\/\"]}]},{\"@type\":\"WebSite\",\"@id\":\"https:\\\/\\\/nocturnes.brussels\\\/fr\\\/#website\",\"url\":\"https:\\\/\\\/nocturnes.brussels\\\/fr\\\/\",\"name\":\"Nocturnes\",\"description\":\"Je lenteavonden die iets memorabels worden? Check de Nocturnes!\",\"potentialAction\":[{\"@type\":\"SearchAction\",\"target\":{\"@type\":\"EntryPoint\",\"urlTemplate\":\"https:\\\/\\\/nocturnes.brussels\\\/fr\\\/?s={search_term_string}\"},\"query-input\":{\"@type\":\"PropertyValueSpecification\",\"valueRequired\":true,\"valueName\":\"search_term_string\"}}],\"inLanguage\":\"fr-FR\"}]}<\/script>\n<!-- \/ Yoast SEO plugin. -->","yoast_head_json":{"title":"Brussels Museums | Nocturnes","robots":{"index":"index","follow":"follow","max-snippet":"max-snippet:-1","max-image-preview":"max-image-preview:large","max-video-preview":"max-video-preview:-1"},"canonical":"https:\/\/nocturnes.brussels\/fr\/brussels-museums\/","og_locale":"fr_FR","og_type":"article","og_title":"Brussels Museums - Brussels Museums Nocturnes","og_description":"Brussels Museums est l'association sans but lucratif ind\u00e9pendante qui r\u00e9unit plus de 100 mus\u00e9es bruxellois. Notre association a pour but de valoriser l\u2019image des mus\u00e9es de Bruxelles et d\u00e9fendre leur accessibilit\u00e9 \u00e0 tous.","og_url":"https:\/\/nocturnes.brussels\/fr\/brussels-museums\/","og_site_name":"Nocturnes","article_modified_time":"2026-02-04T09:20:55+00:00","twitter_card":"summary_large_image","twitter_misc":{"Dur\u00e9e de lecture estim\u00e9e":"1 minute"},"schema":{"@context":"https:\/\/schema.org","@graph":[{"@type":"WebPage","@id":"https:\/\/nocturnes.brussels\/fr\/brussels-museums\/","url":"https:\/\/nocturnes.brussels\/fr\/brussels-museums\/","name":"Brussels Museums | Nocturnes","isPartOf":{"@id":"https:\/\/nocturnes.brussels\/fr\/#website"},"datePublished":"2018-08-22T15:06:48+00:00","dateModified":"2026-02-04T09:20:55+00:00","inLanguage":"fr-FR","potentialAction":[{"@type":"ReadAction","target":["https:\/\/nocturnes.brussels\/fr\/brussels-museums\/"]}]},{"@type":"WebSite","@id":"https:\/\/nocturnes.brussels\/fr\/#website","url":"https:\/\/nocturnes.brussels\/fr\/","name":"Nocturnes","description":"Je lenteavonden die iets memorabels worden? Check de Nocturnes!","potentialAction":[{"@type":"SearchAction","target":{"@type":"EntryPoint","urlTemplate":"https:\/\/nocturnes.brussels\/fr\/?s={search_term_string}"},"query-input":{"@type":"PropertyValueSpecification","valueRequired":true,"valueName":"search_term_string"}}],"inLanguage":"fr-FR"}]}},"_links":{"self":[{"href":"https:\/\/nocturnes.brussels\/fr\/wp-json\/wp\/v2\/pages\/1022","targetHints":{"allow":["GET"]}}],"collection":[{"href":"https:\/\/nocturnes.brussels\/fr\/wp-json\/wp\/v2\/pages"}],"about":[{"href":"https:\/\/nocturnes.brussels\/fr\/wp-json\/wp\/v2\/types\/page"}],"author":[{"embeddable":true,"href":"https:\/\/nocturnes.brussels\/fr\/wp-json\/wp\/v2\/users\/3"}],"replies":[{"embeddable":true,"href":"https:\/\/nocturnes.brussels\/fr\/wp-json\/wp\/v2\/comments?post=1022"}],"version-history":[{"count":5,"href":"https:\/\/nocturnes.brussels\/fr\/wp-json\/wp\/v2\/pages\/1022\/revisions"}],"predecessor-version":[{"id":13938,"href":"https:\/\/nocturnes.brussels\/fr\/wp-json\/wp\/v2\/pages\/1022\/revisions\/13938"}],"wp:attachment":[{"href":"https:\/\/nocturnes.brussels\/fr\/wp-json\/wp\/v2\/media?parent=1022"}],"curies":[{"name":"wp","href":"https:\/\/api.w.org\/{rel}","templated":true}]}}